{"id":1139,"date":"2020-11-26T12:42:31","date_gmt":"2020-11-26T15:42:31","guid":{"rendered":"http:\/\/furlong.com.br\/?page_id=1139"},"modified":"2020-11-26T15:17:03","modified_gmt":"2020-11-26T18:17:03","slug":"politica-de-cookies","status":"publish","type":"page","link":"https:\/\/furlong.com.br\/en\/politica-de-cookies\/","title":{"rendered":"Pol\u00edtica de Cookies"},"content":{"rendered":"<p>[vc_row full_width=&#8221;stretch_row_content_no_spaces&#8221; el_id=&#8221;a-empresa&#8221; css=&#8221;.vc_custom_1591819256439{padding-top: 60px !important;padding-bottom: 60px !important;}&#8221;][vc_column width=&#8221;5\/6&#8243; offset=&#8221;vc_col-lg-offset-2&#8243;][vc_row_inner el_class=&#8221;contentxt&#8221; css=&#8221;.vc_custom_1591823822093{padding-bottom: 80px !important;}&#8221;][vc_column_inner][vc_column_text el_class=&#8221;aempresatxt esquerda&#8221;]<\/p>\n<h2>Pol\u00edtica de Cookies<\/h2>\n<p>Usamos cookies e tecnologias de rastreamento relacionadas para personalizar e aprimorar sua experi\u00eancia em nosso site. Isso inclui cookies que s\u00e3o usados para personalizar sua experi\u00eancia ou apresentar publicidade personalizada. Sinta-se livre para decidir qual dessas categorias voc\u00ea gostaria de permitir selecionando \u201cConfigura\u00e7\u00f5es de cookies\u201d. Observe que, dependendo das configura\u00e7\u00f5es que voc\u00ea escolher, a funcionalidade completa do site pode n\u00e3o estar mais dispon\u00edvel. Clique em nossa Pol\u00edtica de Privacidade para saber mais sobre os cookies que usamos e como voc\u00ea pode gerenciar ainda melhor suas prefer\u00eancias pessoais.[\/vc_column_text][\/vc_column_inner][\/vc_row_inner][vc_row_inner el_class=&#8221;contentxt&#8221; css=&#8221;.vc_custom_1591823822093{padding-bottom: 80px !important;}&#8221;][vc_column_inner][vc_column_text el_class=&#8221;aempresatxt esquerda&#8221;]<\/p>\n<h2>A sua privacidade<\/h2>\n<p>Quando visita um website, este pode armazenar ou recolher informa\u00e7\u00f5es no seu navegador, principalmente na forma de cookies. Esta informa\u00e7\u00e3o pode ser sobre si, as suas prefer\u00eancias ou o seu dispositivo e \u00e9 utilizada principalmente para fazer o website funcionar conforme o esperado. A informa\u00e7\u00e3o normalmente n\u00e3o o identifica diretamente, mas pode dar-lhe uma experi\u00eancia web mais personalizada. Uma vez que respeitamos o seu direito \u00e0 privacidade, pode optar por n\u00e3o permitir alguns tipos de cookies. Clique nos cabe\u00e7alhos das diferentes categorias para saber mais e alterar as nossas configura\u00e7\u00f5es predefinidas. No entanto, o bloqueio de alguns tipos de cookies pode afetar a sua experi\u00eancia no website e os servi\u00e7os que podemos oferecer.[\/vc_column_text][\/vc_column_inner][\/vc_row_inner][vc_row_inner el_class=&#8221;contentxt&#8221; css=&#8221;.vc_custom_1591823822093{padding-bottom: 80px !important;}&#8221;][vc_column_inner][vc_column_text el_class=&#8221;aempresatxt esquerda&#8221;]<\/p>\n<h2>Cookies de funcionalidade<\/h2>\n<p>Estes cookies permitem que o site forne\u00e7a uma funcionalidade e personaliza\u00e7\u00e3o melhoradas. Podem ser estabelecidos por n\u00f3s ou por fornecedores externos cujos servi\u00e7os adicionamos \u00e0s nossas p\u00e1ginas. Se n\u00e3o permitir estes cookies algumas destas funcionalidades, ou mesmo todas, podem n\u00e3o atuar corretamente.[\/vc_column_text][\/vc_column_inner][\/vc_row_inner][vc_row_inner el_class=&#8221;contentxt&#8221; css=&#8221;.vc_custom_1591823822093{padding-bottom: 80px !important;}&#8221;][vc_column_inner][vc_column_text el_class=&#8221;aempresatxt esquerda&#8221;]<\/p>\n<h2>Cookies estritamente necess\u00e1rios<\/h2>\n<p>Estes cookies s\u00e3o necess\u00e1rios para que o website funcione e n\u00e3o podem ser desligados nos nossos sistemas. Normalmente, eles s\u00f3 s\u00e3o configurados em resposta a a\u00e7\u00f5es levadas a cabo por si e que correspondem a uma solicita\u00e7\u00e3o de servi\u00e7os, tais como definir as suas prefer\u00eancias de privacidade, iniciar sess\u00e3o ou preencher formul\u00e1rios. Pode configurar o seu navegador para bloquear ou alert\u00e1-lo(a) sobre esses cookies, mas algumas partes do website n\u00e3o funcionar\u00e3o. Estes cookies n\u00e3o armazenam qualquer informa\u00e7\u00e3o pessoal identific\u00e1vel.[\/vc_column_text][\/vc_column_inner][\/vc_row_inner][vc_row_inner el_class=&#8221;contentxt&#8221; css=&#8221;.vc_custom_1591823822093{padding-bottom: 80px !important;}&#8221;][vc_column_inner][vc_column_text el_class=&#8221;aempresatxt esquerda&#8221;]<\/p>\n<h2>Cookies de publicidade<\/h2>\n<p>Estes cookies podem ser estabelecidos atrav\u00e9s do nosso site pelos nossos parceiros de publicidade. Podem ser usados por essas empresas para construir um perfil sobre os seus interesses e mostrar-lhe an\u00fancios relevantes em outros websites. Eles n\u00e3o armazenam diretamente informa\u00e7\u00f5es pessoais, mas s\u00e3o baseados na identifica\u00e7\u00e3o exclusiva do seu navegador e dispositivo de internet. Se n\u00e3o permitir estes cookies, ter\u00e1 menos publicidade direcionada.[\/vc_column_text][\/vc_column_inner][\/vc_row_inner][vc_row_inner el_class=&#8221;contentxt&#8221; css=&#8221;.vc_custom_1591823822093{padding-bottom: 80px !important;}&#8221;][vc_column_inner][vc_column_text el_class=&#8221;aempresatxt esquerda&#8221;]<\/p>\n<h2>Cookies de desempenho<\/h2>\n<p>Estes cookies permitem-nos contar visitas e fontes de tr\u00e1fego, para que possamos medir e melhorar o desempenho do nosso website. Eles ajudam-nos a saber quais s\u00e3o as p\u00e1ginas mais e menos populares e a ver como os visitantes se movimentam pelo website. Todas as informa\u00e7\u00f5es recolhidas por estes cookies s\u00e3o agregadas e, por conseguinte, an\u00f3nimas. Se n\u00e3o permitir estes cookies, n\u00e3o saberemos quando visitou o nosso site.[\/vc_column_text][\/vc_column_inner][\/vc_row_inner][\/vc_column][\/vc_row]<\/p>","protected":false},"excerpt":{"rendered":"<p>[vc_row full_width=&#8221;stretch_row_content_no_spaces&#8221; el_id=&#8221;a-empresa&#8221; css=&#8221;.vc_custom_1591819256439{padding-top: 60px !important;padding-bottom: 60px !important;}&#8221;][vc_column width=&#8221;5\/6&#8243; offset=&#8221;vc_col-lg-offset-2&#8243;][vc_row_inner el_class=&#8221;contentxt&#8221; css=&#8221;.vc_custom_1591823822093{padding-bottom: 80px !important;}&#8221;][vc_column_inner][vc_column_text el_class=&#8221;aempresatxt esquerda&#8221;] Pol\u00edtica de Cookies Usamos cookies e tecnologias de rastreamento relacionadas para personalizar e aprimorar sua experi\u00eancia em nosso site. Isso inclui cookies que s\u00e3o usados para personalizar sua experi\u00eancia ou apresentar publicidade personalizada. Sinta-se livre para decidir qual dessas [&hellip;]<\/p>","protected":false},"author":7,"featured_media":0,"parent":0,"menu_order":0,"comment_status":"closed","ping_status":"closed","template":"","meta":[],"_links":{"self":[{"href":"https:\/\/furlong.com.br\/en\/wp-json\/wp\/v2\/pages\/1139"}],"collection":[{"href":"https:\/\/furlong.com.br\/en\/wp-json\/wp\/v2\/pages"}],"about":[{"href":"https:\/\/furlong.com.br\/en\/wp-json\/wp\/v2\/types\/page"}],"author":[{"embeddable":true,"href":"https:\/\/furlong.com.br\/en\/wp-json\/wp\/v2\/users\/7"}],"replies":[{"embeddable":true,"href":"https:\/\/furlong.com.br\/en\/wp-json\/wp\/v2\/comments?post=1139"}],"version-history":[{"count":5,"href":"https:\/\/furlong.com.br\/en\/wp-json\/wp\/v2\/pages\/1139\/revisions"}],"predecessor-version":[{"id":1145,"href":"https:\/\/furlong.com.br\/en\/wp-json\/wp\/v2\/pages\/1139\/revisions\/1145"}],"wp:attachment":[{"href":"https:\/\/furlong.com.br\/en\/wp-json\/wp\/v2\/media?parent=1139"}],"curies":[{"name":"wp","href":"https:\/\/api.w.org\/{rel}","templated":true}]}}