{"id":143,"date":"2020-06-09T17:05:30","date_gmt":"2020-06-09T20:05:30","guid":{"rendered":"http:\/\/furlong.com.br\/?page_id=143"},"modified":"2020-12-08T18:32:13","modified_gmt":"2020-12-08T21:32:13","slug":"a-empresa","status":"publish","type":"page","link":"https:\/\/furlong.com.br\/en\/a-empresa\/","title":{"rendered":"The Company"},"content":{"rendered":"<p>[vc_row full_width=&#8221;stretch_row_content_no_spaces&#8221; el_id=&#8221;titulo-pagina&#8221; css=&#8221;.vc_custom_1591733129120{background-image: url(http:\/\/furlong.com.br\/wp-content\/uploads\/2020\/06\/Grupo-66.png?id=146) !important;background-position: center !important;background-repeat: no-repeat !important;background-size: cover !important;}&#8221;][vc_column][vc_row_inner][vc_column_inner width=&#8221;1\/3&#8243; offset=&#8221;vc_col-lg-offset-8&#8243;][vc_column_text el_class=&#8221;titulopaginatxt&#8221;]<\/p>\n<h2>The Company<\/h2>\n<p>Pedro Furlong, o fundador da Transportes Furlong, iniciou as atividades da empresa em Buenos Aires, no ano de 1887. Em 1992 nasceu a Transportes Furlong do Brasil.<br \/>\nSomos uma empresa 100% independente e temos desenvolvido novos neg\u00f3cios, nos tornando um dos grupos mais importantes em servi\u00e7os de log\u00edstica do Mercosul e Mercado Nacional.[\/vc_column_text][\/vc_column_inner][\/vc_row_inner][\/vc_column][\/vc_row][vc_row full_width=&#8221;stretch_row_content_no_spaces&#8221; el_id=&#8221;missao-visao-valores&#8221;][vc_column width=&#8221;5\/6&#8243; offset=&#8221;vc_col-lg-offset-2&#8243;][vc_row_inner el_class=&#8221;servicos&#8221;][vc_column_inner width=&#8221;1\/3&#8243;][vc_column_text el_class=&#8221;servico&#8221;]<\/p>\n<p style=\"text-align: center;\"><img loading=\"lazy\" class=\"alignnone wp-image-155 size-full\" src=\"http:\/\/furlong.com.br\/wp-content\/uploads\/2020\/06\/missao.png\" alt=\"\" width=\"53\" height=\"53\" \/><\/p>\n<h3 style=\"text-align: center;\">Mission<\/h3>\n<p style=\"text-align: center;\">To have the best quality and logistics services in Brazil while growing in a profitable and sustainable way<\/p>\n<p>[\/vc_column_text][\/vc_column_inner][vc_column_inner width=&#8221;1\/3&#8243;][vc_column_text el_class=&#8221;servico&#8221;]<\/p>\n<p style=\"text-align: center;\"><img loading=\"lazy\" class=\"alignnone wp-image-157\" src=\"http:\/\/furlong.com.br\/wp-content\/uploads\/2020\/06\/visao.png\" alt=\"\" width=\"47\" height=\"53\" \/><\/p>\n<h3 style=\"text-align: center;\">Vision<\/h3>\n<p style=\"text-align: center;\">To be a reference in the segment and to be recognized by the customers as the best logistics company in Brazil<\/p>\n<p>[\/vc_column_text][\/vc_column_inner][vc_column_inner width=&#8221;1\/3&#8243;][vc_column_text el_class=&#8221;servico&#8221;]<\/p>\n<p style=\"text-align: center;\"><img loading=\"lazy\" class=\"alignnone wp-image-662 size-full\" src=\"http:\/\/furlong.com.br\/wp-content\/uploads\/2020\/07\/valoress.png\" alt=\"\" width=\"53\" height=\"53\" \/><\/p>\n<h3 style=\"text-align: center;\">Values<\/h3>\n<p style=\"text-align: center;\">- Focus on the client<br \/>\n- Pursuit of excellence<br \/>\n- Safety and environmental care<br \/>\n- Love for work<br \/>\n- Honesty and transparency<\/p>\n<p>[\/vc_column_text][\/vc_column_inner][\/vc_row_inner][\/vc_column][\/vc_row][vc_row full_width=&#8221;stretch_row_content_no_spaces&#8221; el_id=&#8221;clientes&#8221; css=&#8221;.vc_custom_1591757589341{padding-top: 80px !important;padding-bottom: 80px !important;}&#8221;][vc_column width=&#8221;5\/6&#8243; offset=&#8221;vc_col-lg-offset-2&#8243;][vc_row_inner el_class=&#8221;cliente&#8221;][vc_column_inner][vc_column_text el_class=&#8221;clientestxt&#8221;]<\/p>\n<h2 style=\"text-align: center;\">Company History<\/h2>\n<p>[\/vc_column_text][\/vc_column_inner][\/vc_row_inner][vc_row_inner][vc_column_inner]<!-- ========= Cool Timeline PRO 3.4.4 ========= --><div style=\"opacity:0;\" \n    data-showposts=\"20\"\n     class=\"cool_timeline cool-timeline-wrapper both-sided-wrapper white-timeline-wrapper main-design-3\" \n     id=\"tm-default-design-3-12\"  \n     data-pagination=\"yes\"  \n     data-pagination-position=\"right\"><div class=\"cool-timeline ultimate-style  white-timeline\"><div  class=\"filter-preloaders\"><img src=\"https:\/\/furlong.com.br\/wp-content\/plugins\/cool-timeline-pro\/\/assets\/images\/clt-compact-preloader.gif\"><\/div><div data-animations=\"none\"  id=\"timeline-timeline-stories\" class=\"cooltimeline_cont  clearfix icons_no\"><div data-cls=\"sc-nv-design-3 white-timeline\" class=\"timeline-year scrollable-section design-3-year\"data-section-title=\"1887\" id=\"year-1887\"><span  class=\"ctl-timeline-date\">1887<\/span><\/div><!-- .timeline-post-start--><div   data-alternate=\"0\" id=\"story-160\" class=\"timeline-post odd light-grey-post icons_no post-160  design-3-meta\"><div   data-aos=\"none\" class=\"timeline-meta\"><div class=\"meta-details\">1887<\/div><\/div><div  data-aos=\"none\" class=\"timeline-icon icon-dot-full design-3-dot\"><div class=\"timeline-bar\"><\/div><\/div><div  data-aos=\"none\"  class=\"timeline-content  clearfix odd  full design-3-content\"><div class=\"ctl_info event-description full\"><div class=\"content-details\"><h2 class=\"content-title-2\">1887<\/h2><p><img loading=\"lazy\" class=\"alignnone size-full wp-image-161\" src=\"http:\/\/furlong.com.br\/wp-content\/uploads\/2020\/06\/Grupo-de-m\u00e1scara-2.png\" alt=\"\" width=\"108\" height=\"147\" \/><\/p>\n<p>Transportes Furlong Argentina began its activities in the city of Buenos Aires in 1887, Pedro Furlong was  the founder. Its main activity was the transport of cargo between the ports and the surroundings region<\/p>\n<\/div><\/div><\/div><!-- timeline content --><\/div>\n\n        <!-- .timeline-post-end --><div data-cls=\"sc-nv-design-3 white-timeline\" class=\"timeline-year scrollable-section design-3-year\"data-section-title=\"1900\" id=\"year-1900\"><span  class=\"ctl-timeline-date\">1900<\/span><\/div><!-- .timeline-post-start--><div   data-alternate=\"1\" id=\"story-163\" class=\"timeline-post even light-grey-post icons_no post-163 story-cat-3  design-3-meta\"><div   data-aos=\"none\" class=\"timeline-meta\"><div class=\"meta-details\">1900<\/div><\/div><div  data-aos=\"none\" class=\"timeline-icon icon-dot-full design-3-dot\"><div class=\"timeline-bar\"><\/div><\/div><div  data-aos=\"none\"  class=\"timeline-content  clearfix even  full design-3-content\"><div class=\"ctl_info event-description full\"><div class=\"content-details\"><h2 class=\"content-title-2\">1900<\/h2><p><img loading=\"lazy\" class=\"alignnone size-full wp-image-169\" src=\"http:\/\/furlong.com.br\/wp-content\/uploads\/2020\/06\/1900.png\" alt=\"\" width=\"142\" height=\"108\" \/><\/p>\n<p>In 1990, in line with the globalization and regional integration of the economy, the company developed commercial and operation bases in Brazil, Chile and Uruguay to provide its clients local and regional services<\/p>\n<\/div><\/div><\/div><!-- timeline content --><\/div>\n\n        <!-- .timeline-post-end --><div data-cls=\"sc-nv-design-3 white-timeline\" class=\"timeline-year scrollable-section design-3-year\"data-section-title=\"1992\" id=\"year-1992\"><span  class=\"ctl-timeline-date\">1992<\/span><\/div><!-- .timeline-post-start--><div   data-alternate=\"2\" id=\"story-177\" class=\"timeline-post odd light-grey-post icons_no post-177 story-cat-3  design-3-meta\"><div   data-aos=\"none\" class=\"timeline-meta\"><div class=\"meta-details\">1992<\/div><\/div><div  data-aos=\"none\" class=\"timeline-icon icon-dot-full design-3-dot\"><div class=\"timeline-bar\"><\/div><\/div><div  data-aos=\"none\"  class=\"timeline-content  clearfix odd  full design-3-content\"><div class=\"ctl_info event-description full\"><div class=\"content-details\"><h2 class=\"content-title-2\">1992<\/h2><p><img loading=\"lazy\" class=\"alignnone wp-image-178 size-full\" src=\"http:\/\/furlong.com.br\/wp-content\/uploads\/2020\/06\/1992.png\" alt=\"\" width=\"159\" height=\"156\" \/><\/p>\n<p>In 1992 Furlong do Brasil initiated its logistics activities. Furlong do Brasil is an\n100% independent company. The company develops logistics operations, and has become one of the most important logistic services groups in Brazil and Mercosur<\/p>\n<\/div><\/div><\/div><!-- timeline content --><\/div>\n\n        <!-- .timeline-post-end --><div data-cls=\"sc-nv-design-3 white-timeline\" class=\"timeline-year scrollable-section design-3-year\"data-section-title=\"1994\" id=\"year-1994\"><span  class=\"ctl-timeline-date\">1994<\/span><\/div><!-- .timeline-post-start--><div   data-alternate=\"3\" id=\"story-179\" class=\"timeline-post even light-grey-post icons_no post-179 story-cat-3  design-3-meta\"><div   data-aos=\"none\" class=\"timeline-meta\"><div class=\"meta-details\">1994<\/div><\/div><div  data-aos=\"none\" class=\"timeline-icon icon-dot-full design-3-dot\"><div class=\"timeline-bar\"><\/div><\/div><div  data-aos=\"none\"  class=\"timeline-content  clearfix even  full design-3-content\"><div class=\"ctl_info event-description full\"><div class=\"content-details\"><h2 class=\"content-title-2\">1994<\/h2><p><img loading=\"lazy\" class=\"alignnone wp-image-180 size-full\" src=\"http:\/\/furlong.com.br\/wp-content\/uploads\/2020\/06\/1994.png\" alt=\"\" width=\"66\" height=\"47\" \/><\/p>\n<p>In 1994, Furlong Argentina  (*)  (100% independent Strategic partner )  began its pre-delivery operations (Pre-delivery Inspection) in the cars division, with the aim ofcomplementing the services to their main clients, the Automotive Industry<\/p>\n<\/div><\/div><\/div><!-- timeline content --><\/div>\n\n        <!-- .timeline-post-end --><div data-cls=\"sc-nv-design-3 white-timeline\" class=\"timeline-year scrollable-section design-3-year\"data-section-title=\"1998\" id=\"year-1998\"><span  class=\"ctl-timeline-date\">1998<\/span><\/div><!-- .timeline-post-start--><div   data-alternate=\"4\" id=\"story-181\" class=\"timeline-post odd light-grey-post icons_no post-181 story-cat-3  design-3-meta\"><div   data-aos=\"none\" class=\"timeline-meta\"><div class=\"meta-details\">1998<\/div><\/div><div  data-aos=\"none\" class=\"timeline-icon icon-dot-full design-3-dot\"><div class=\"timeline-bar\"><\/div><\/div><div  data-aos=\"none\"  class=\"timeline-content  clearfix odd  full design-3-content\"><div class=\"ctl_info event-description full\"><div class=\"content-details\"><h2 class=\"content-title-2\">1998<\/h2><p><img loading=\"lazy\" class=\"alignnone wp-image-182 size-full\" src=\"http:\/\/furlong.com.br\/wp-content\/uploads\/2020\/06\/1998.png\" alt=\"\" width=\"185\" height=\"192\" \/><\/p>\n<p>In 1998, Furlong do Brasil  stablished quarters in Uruguay. Consequently, it  managed to expand its  logistic operations that has been going on with the country for decades from Argentina and  Brazil<\/p>\n<\/div><\/div><\/div><!-- timeline content --><\/div>\n\n        <!-- .timeline-post-end --><div data-cls=\"sc-nv-design-3 white-timeline\" class=\"timeline-year scrollable-section design-3-year\"data-section-title=\"2006\" id=\"year-2006\"><span  class=\"ctl-timeline-date\">2006<\/span><\/div><!-- .timeline-post-start--><div   data-alternate=\"5\" id=\"story-183\" class=\"timeline-post even light-grey-post icons_no post-183 story-cat-3  design-3-meta\"><div   data-aos=\"none\" class=\"timeline-meta\"><div class=\"meta-details\">2006<\/div><\/div><div  data-aos=\"none\" class=\"timeline-icon icon-dot-full design-3-dot\"><div class=\"timeline-bar\"><\/div><\/div><div  data-aos=\"none\"  class=\"timeline-content  clearfix even  full design-3-content\"><div class=\"ctl_info event-description full\"><div class=\"content-details\"><h2 class=\"content-title-2\">2006<\/h2><p><img loading=\"lazy\" class=\"alignnone wp-image-184 size-medium\" src=\"http:\/\/furlong.com.br\/wp-content\/uploads\/2020\/06\/2006-150x300.png\" alt=\"\" width=\"150\" height=\"300\" srcset=\"https:\/\/furlong.com.br\/wp-content\/uploads\/2020\/06\/2006-150x300.png 150w, https:\/\/furlong.com.br\/wp-content\/uploads\/2020\/06\/2006.png 158w\" sizes=\"(max-width: 150px) 100vw, 150px\" \/><\/p>\n<p>In 2006, Furlong Argentina  (*)  (100% independent Strategic partner )  stablished quarters in Chile, in order to strengthen its presence in South America, and so it could provide  regional logistic services<\/p>\n<\/div><\/div><\/div><!-- timeline content --><\/div>\n\n        <!-- .timeline-post-end --><div data-cls=\"sc-nv-design-3 white-timeline\" class=\"timeline-year scrollable-section design-3-year\"data-section-title=\"2014\" id=\"year-2014\"><span  class=\"ctl-timeline-date\">2014<\/span><\/div><!-- .timeline-post-start--><div   data-alternate=\"6\" id=\"story-185\" class=\"timeline-post odd light-grey-post icons_no post-185 story-cat-3  design-3-meta\"><div   data-aos=\"none\" class=\"timeline-meta\"><div class=\"meta-details\">2014<\/div><\/div><div  data-aos=\"none\" class=\"timeline-icon icon-dot-full design-3-dot\"><div class=\"timeline-bar\"><\/div><\/div><div  data-aos=\"none\"  class=\"timeline-content  clearfix odd  full design-3-content\"><div class=\"ctl_info event-description full\"><div class=\"content-details\"><h2 class=\"content-title-2\">2014<\/h2><p><img loading=\"lazy\" class=\"alignnone wp-image-186 size-full\" src=\"http:\/\/furlong.com.br\/wp-content\/uploads\/2020\/06\/2014.png\" alt=\"\" width=\"172\" height=\"196\" \/><\/p>\n<p>In 2014, Furlong started its operations with Paraguay, transporting vehicles from Brazil<\/p>\n<\/div><\/div><\/div><!-- timeline content --><\/div>\n\n        <!-- .timeline-post-end --><div data-cls=\"sc-nv-design-3 white-timeline\" class=\"timeline-year scrollable-section design-3-year\"data-section-title=\"2015\" id=\"year-2015\"><span  class=\"ctl-timeline-date\">2015<\/span><\/div><!-- .timeline-post-start--><div   data-alternate=\"7\" id=\"story-187\" class=\"timeline-post even light-grey-post icons_no post-187 story-cat-3  design-3-meta\"><div   data-aos=\"none\" class=\"timeline-meta\"><div class=\"meta-details\">2015<\/div><\/div><div  data-aos=\"none\" class=\"timeline-icon icon-dot-full design-3-dot\"><div class=\"timeline-bar\"><\/div><\/div><div  data-aos=\"none\"  class=\"timeline-content  clearfix even  full design-3-content\"><div class=\"ctl_info event-description full\"><div class=\"content-details\"><h2 class=\"content-title-2\">2015<\/h2><p><img loading=\"lazy\" class=\"alignnone wp-image-169 size-full\" src=\"http:\/\/furlong.com.br\/wp-content\/uploads\/2020\/06\/1900.png\" alt=\"\" width=\"142\" height=\"108\" \/><\/p>\n<p>Since 2015, Transportes Furlong do Brasil provides logistics, distribution, cargo storage, Milk Run, International and National Transportation services in Brazil, Argentina, Uruguay and Paraguay<\/p>\n<\/div><\/div><\/div><!-- timeline content --><\/div>\n\n        <!-- .timeline-post-end --><div  class=\"end-timeline clearfix\"><\/div><\/div><\/div><\/div>  <!-- end\n================================================== --><style type=\"text\/css\"><\/style>[\/vc_column_inner][\/vc_row_inner][\/vc_column][\/vc_row][vc_row full_width=&#8221;stretch_row_content_no_spaces&#8221; el_id=&#8221;tecnologias&#8221; css=&#8221;.vc_custom_1591760976639{background-image: url(http:\/\/furlong.com.br\/wp-content\/uploads\/2020\/06\/bg-estrutura.jpg?id=189) !important;}&#8221;][vc_column width=&#8221;5\/6&#8243; offset=&#8221;vc_col-lg-offset-2&#8243;][vc_row_inner][vc_column_inner][vc_column_text el_class=&#8221;tecnologiastxt&#8221;]<\/p>\n<h2 style=\"text-align: center;\">Structure<\/h2>\n<p style=\"text-align: center;\">Furlong developed strategically located subsidiaries to be able to react quickly to any inconvenience in the operations<\/p>\n<p>[\/vc_column_text][\/vc_column_inner][\/vc_row_inner][\/vc_column][\/vc_row][vc_row full_width=&#8221;stretch_row_content_no_spaces&#8221; el_id=&#8221;mapa&#8221;][vc_column width=&#8221;5\/6&#8243; offset=&#8221;vc_col-lg-offset-2&#8243;][vc_row_inner el_class=&#8221;mapa&#8221;][vc_column_inner][vc_raw_html]JTVCZGV2dm5faWhvdHNwb3QlMjBpZCUzRCUyMjEwMTIlMjIlNUQ=[\/vc_raw_html]<div style=\"width:;\" class=\"cqtooltip-wrapper mapahot\" data-opacity=\"1\" data-tooltipanimation=\"grow\" data-tooltipstyle=\"shadow\" data-trigger=\"click\" data-maxwidth=\"240\" data-marginoffset=\"\" data-isdisplayall=\"off\" data-displayednum=\"1\"><img src=\"https:\/\/furlong.com.br\/wp-content\/uploads\/2020\/07\/americadosul02.png\" alt=\"\" \/><div class=\"cq-hotspots\"><div class=\"hotspot-item pulse-white\" style=\"top:37.67409470752089%;left:69.52355828220858%;\" data-top=\"37.67409470752089%\" data-left=\"69.52355828220858%\"><a href=\"#\" class=\"cq-tooltip\" style=\"background:#FD0000;\" data-tooltip=\"&lt;strong&gt;Bahia&lt;\/strong&gt;&lt;br \/&gt;Rua dos Motoristas, 131 &amp;#8211; Polo Petroqu\u00edmico &amp;#8211; Cama\u00e7ari &amp;#8211; BA &amp;#8211; CEP 42810-455\" data-arrowposition=\"\"><i class=\"fa fa-map-marker\" style=\"color:;\"><\/i><\/a><\/div><div class=\"hotspot-item pulse-white\" style=\"top:54.777158774373255%;left:56.94269938650307%;\" data-top=\"54.777158774373255%\" data-left=\"56.94269938650307%\"><a href=\"#\" class=\"cq-tooltip\" style=\"background:#FD0000;\" data-tooltip=\"&lt;strong&gt;Paran\u00e1&lt;\/strong&gt;&lt;br \/&gt;Lorem ipsum dolor sit amet, consectetur adipiscing elit. Curabitur sed justo sodales, hendrerit lorem et, euismod augue.\" data-arrowposition=\"top\"><i class=\"fa fa-map-marker\" style=\"color:;\"><\/i><\/a><\/div><div class=\"hotspot-item pulse-white\" style=\"top:46.81058495821727%;left:65.90797546012269%;\" data-top=\"46.81058495821727%\" data-left=\"65.90797546012269%\"><a href=\"#\" class=\"cq-tooltip\" style=\"background:#FD0000;\" data-tooltip=\"&lt;strong&gt;Minas Gerais&lt;\/strong&gt;&lt;br \/&gt;Betim \u2013 Adm\/P\u00e1tio Operacional&lt;br \/&gt;Betim \u2013 Base FCA\" data-arrowposition=\"top\"><i class=\"fa fa-map-marker\" style=\"color:;\"><\/i><\/a><\/div><div class=\"hotspot-item pulse-white\" style=\"top:50.5525069637883%;left:59.75668711656442%;\" data-top=\"50.5525069637883%\" data-left=\"59.75668711656442%\"><a href=\"#\" class=\"cq-tooltip\" style=\"background:#FD0000;\" data-tooltip=\"&lt;strong&gt;S\u00e3o Paulo&lt;\/strong&gt;\" data-arrowposition=\"top\"><i class=\"fa fa-map-marker\" style=\"color:;\"><\/i><\/a><\/div><div class=\"hotspot-item pulse-white\" style=\"top:31.3533426183844%;left:75.35177914110429%;\" data-top=\"31.3533426183844%\" data-left=\"75.35177914110429%\"><a href=\"#\" class=\"cq-tooltip\" style=\"background:#FD0000;\" data-tooltip=\"&lt;strong&gt;Alagoas&lt;\/strong&gt;&lt;br \/&gt;Lorem ipsum dolor sit amet, consectetur adipiscing elit. Curabitur sed justo sodales, hendrerit lorem et, euismod augue.\" data-arrowposition=\"top\"><i class=\"fa fa-map-marker\" style=\"color:;\"><\/i><\/a><\/div><div class=\"hotspot-item pulse-white\" style=\"top:28.456406685236768%;left:71.05730061349693%;\" data-top=\"28.456406685236768%\" data-left=\"71.05730061349693%\"><a href=\"#\" class=\"cq-tooltip\" style=\"background:#FD0000;\" data-tooltip=\"&lt;strong&gt;Pernambuco&lt;\/strong&gt;&lt;br \/&gt;Lorem ipsum dolor sit amet, consectetur adipiscing elit. Curabitur sed justo sodales, hendrerit lorem et, euismod augue.\" data-arrowposition=\"top\"><i class=\"fa fa-map-marker\" style=\"color:;\"><\/i><\/a><\/div><div class=\"hotspot-item pulse-white\" style=\"top:62.857520891364906%;left:42.233128834355824%;\" data-top=\"62.857520891364906%\" data-left=\"42.233128834355824%\"><a href=\"#\" class=\"cq-tooltip\" style=\"background:#FD0000;\" data-tooltip=\"&lt;strong&gt;Argentina&lt;\/strong&gt;&lt;br \/&gt;Rua dos Motoristas, 131 &amp;#8211; Polo Petroqu\u00edmico &amp;#8211; Cama\u00e7ari &amp;#8211; BA &amp;#8211; CEP 42810-455\" data-arrowposition=\"top\"><i class=\"fa fa-map-marker\" style=\"color:;\"><\/i><\/a><\/div><div class=\"hotspot-item pulse-white\" style=\"top:64.38955431754874%;left:51.196319018404914%;\" data-top=\"64.38955431754874%\" data-left=\"51.196319018404914%\"><a href=\"#\" class=\"cq-tooltip\" style=\"background:#FD0000;\" data-tooltip=\"&lt;strong&gt;Uruguai&lt;\/strong&gt;&lt;br \/&gt;Lorem ipsum dolor sit amet, consectetur adipiscing elit. Curabitur sed justo sodales, hendrerit lorem et, euismod augue.\" data-arrowposition=\"top\"><i class=\"fa fa-map-marker\" style=\"color:;\"><\/i><\/a><\/div><\/div><\/div>[\/vc_column_inner][\/vc_row_inner][\/vc_column][\/vc_row]<\/p>","protected":false},"excerpt":{"rendered":"<p>[vc_row full_width=&#8221;stretch_row_content_no_spaces&#8221; el_id=&#8221;titulo-pagina&#8221; css=&#8221;.vc_custom_1591733129120{background-image: url(http:\/\/furlong.com.br\/wp-content\/uploads\/2020\/06\/Grupo-66.png?id=146) !important;background-position: center !important;background-repeat: no-repeat !important;background-size: cover !important;}&#8221;][vc_column][vc_row_inner][vc_column_inner width=&#8221;1\/3&#8243; offset=&#8221;vc_col-lg-offset-8&#8243;][vc_column_text el_class=&#8221;titulopaginatxt&#8221;] A Empresa Pedro Furlong, o fundador da Transportes Furlong, iniciou as atividades da empresa em Buenos Aires, no ano de 1887. Em 1992 nasceu a Transportes Furlong do Brasil. Somos uma empresa 100% independente e&hellip;<\/p>","protected":false},"author":7,"featured_media":0,"parent":0,"menu_order":0,"comment_status":"closed","ping_status":"open","template":"","meta":[],"_links":{"self":[{"href":"https:\/\/furlong.com.br\/en\/wp-json\/wp\/v2\/pages\/143"}],"collection":[{"href":"https:\/\/furlong.com.br\/en\/wp-json\/wp\/v2\/pages"}],"about":[{"href":"https:\/\/furlong.com.br\/en\/wp-json\/wp\/v2\/types\/page"}],"author":[{"embeddable":true,"href":"https:\/\/furlong.com.br\/en\/wp-json\/wp\/v2\/users\/7"}],"replies":[{"embeddable":true,"href":"https:\/\/furlong.com.br\/en\/wp-json\/wp\/v2\/comments?post=143"}],"version-history":[{"count":36,"href":"https:\/\/furlong.com.br\/en\/wp-json\/wp\/v2\/pages\/143\/revisions"}],"predecessor-version":[{"id":1069,"href":"https:\/\/furlong.com.br\/en\/wp-json\/wp\/v2\/pages\/143\/revisions\/1069"}],"wp:attachment":[{"href":"https:\/\/furlong.com.br\/en\/wp-json\/wp\/v2\/media?parent=143"}],"curies":[{"name":"wp","href":"https:\/\/api.w.org\/{rel}","templated":true}]}}