{"id":260,"date":"2020-06-11T15:50:17","date_gmt":"2020-06-11T18:50:17","guid":{"rendered":"http:\/\/furlong.com.br\/?page_id=260"},"modified":"2021-01-15T20:29:07","modified_gmt":"2021-01-15T23:29:07","slug":"comunicacao-corporativa","status":"publish","type":"page","link":"https:\/\/furlong.com.br\/en\/comunicacao-corporativa\/","title":{"rendered":"Corporate Communication"},"content":{"rendered":"<p>[vc_row full_width=&#8221;stretch_row_content_no_spaces&#8221; el_id=&#8221;titulo-pagina&#8221; css=&#8221;.vc_custom_1591902635563{background-image: url(http:\/\/furlong.com.br\/wp-content\/uploads\/2020\/06\/bg-header-comunicacao-corporativa.png?id=296) !important;background-position: center !important;background-repeat: no-repeat !important;background-size: cover !important;}&#8221;][vc_column][vc_row_inner][vc_column_inner width=&#8221;1\/3&#8243; offset=&#8221;vc_col-lg-offset-8&#8243;][vc_column_text el_class=&#8221;titulopaginatxt&#8221;]<\/p>\n<h2>Corporate Communication<\/h2>\n<p>[\/vc_column_text][\/vc_column_inner][\/vc_row_inner][\/vc_column][\/vc_row][vc_row full_width=&#8221;stretch_row_content_no_spaces&#8221; el_id=&#8221;a-empresa&#8221; css=&#8221;.vc_custom_1591819256439{padding-top: 60px !important;padding-bottom: 60px !important;}&#8221;][vc_column width=&#8221;5\/6&#8243; offset=&#8221;vc_col-lg-offset-2&#8243; el_class=&#8221;postagens&#8221;]     \n    \t<div class=\"tc-tabs-style1 row wdo-tabs-container\">\n            <ul class=\"nav nav-tabs\">\n                                \t<li>\n                \t\t<a data-toggle=\"tab\" href=\"#tab-artigos\">articles<\/a>\n                \t<\/li>\n                            <\/ul>\n            <div class=\"tab-content\">\n            \t     \t\n     \t    <div id=\"tab-artigos-654\" class=\"tab-pane fade\">\n     \t    \t<div  class=\"kolaso_grid blog blog-grid pagination-off\"> <div class=\"row\"><div class=\"col-12 col-sm-12 col-md-4 col-lg-4\"><div id=\"entry-285\" class=\"blog-entry post-285 post type-post status-publish format-standard has-post-thumbnail hentry category-sem-categoria\"> <div class=\"entry-img\"><a href =\"https:\/\/furlong.com.br\/en\/inicio-operacoes-pernambuco\/\" title =\"Initiate operations in the state of Pernambuco\"><img src=\"https:\/\/furlong.com.br\/wp-content\/uploads\/2020\/06\/pernambuco.png\" class=\"img-fluid\" alt=\"In\u00edcio de Opera\u00e7\u00f5es no Estado de Pernambuco\"><\/a><\/div><!-- .entry-img end --><div class=\"entry-content\"><div class=\"entry-date\">10 de June de 2020<\/div><div class=\"entry-title\"> <h4><a href=\"https:\/\/furlong.com.br\/en\/inicio-operacoes-pernambuco\/\">Initiate operations in the state of Pernambuco<\/a><\/h4><\/div><div class=\"entry-bio\"><p>In July 2015, Furlong do Brasil started its transport operations in the city of Goiana \u2013 PE<\/p><\/div><div class=\"entry-more\"><a href=\"https:\/\/furlong.com.br\/en\/inicio-operacoes-pernambuco\/\">MORE INFORMATION<\/span><\/a><\/div> <\/div><!-- .entry-content end --><\/div><\/div><div class=\"col-12 col-sm-12 col-md-4 col-lg-4\"><div id=\"entry-281\" class=\"blog-entry post-281 post type-post status-publish format-standard has-post-thumbnail hentry category-sem-categoria\"> <div class=\"entry-img\"><a href =\"https:\/\/furlong.com.br\/en\/novo-parque-logistico-em-sao-jose-dos-pinhais\/\" title =\"New Logistic Park\nS\u00e3o Jose dos Pinhais\"><img src=\"https:\/\/furlong.com.br\/wp-content\/uploads\/2020\/06\/logis-sjp-1.png\" class=\"img-fluid\" alt=\"Novo Parque Log\u00edstico em S\u00e3o Jos\u00e9 dos Pinhais\"><\/a><\/div><!-- .entry-img end --><div class=\"entry-content\"><div class=\"entry-date\">10 de June de 2020<\/div><div class=\"entry-title\"> <h4><a href=\"https:\/\/furlong.com.br\/en\/novo-parque-logistico-em-sao-jose-dos-pinhais\/\">New Logistic Park\nS\u00e3o Jose dos Pinhais<\/a><\/h4><\/div><div class=\"entry-bio\"><p>In November 2016, Furlong do Brasil moved to a new logistic park in S\u00e3o Jose dos Pinhais. This logistic facility is more modern and broader,<\/p><\/div><div class=\"entry-more\"><a href=\"https:\/\/furlong.com.br\/en\/novo-parque-logistico-em-sao-jose-dos-pinhais\/\">MORE INFORMATION<\/span><\/a><\/div> <\/div><!-- .entry-content end --><\/div><\/div><div class=\"col-12 col-sm-12 col-md-4 col-lg-4\"><div id=\"entry-266\" class=\"blog-entry post-266 post type-post status-publish format-standard has-post-thumbnail hentry category-sem-categoria\"> <div class=\"entry-img\"><a href =\"https:\/\/furlong.com.br\/en\/novo-sistema-routing-tracking-mobile\/\" title =\"New Tracking and Mobile routing system\"><img src=\"https:\/\/furlong.com.br\/wp-content\/uploads\/2020\/06\/track-mobile.png\" class=\"img-fluid\" alt=\"Novo Sistema de routing Tracking e Mobile\"><\/a><\/div><!-- .entry-img end --><div class=\"entry-content\"><div class=\"entry-date\">10 de June de 2020<\/div><div class=\"entry-title\"> <h4><a href=\"https:\/\/furlong.com.br\/en\/novo-sistema-routing-tracking-mobile\/\">New Tracking and Mobile routing system<\/a><\/h4><\/div><div class=\"entry-bio\"><p>In July 2017, Furlong do Brasil implemented a new routing system, with online tracking and mobile technologies. \nThis system allows the optimization<\/p><\/div><div class=\"entry-more\"><a href=\"https:\/\/furlong.com.br\/en\/novo-sistema-routing-tracking-mobile\/\">MORE INFORMATION<\/span><\/a><\/div> <\/div><!-- .entry-content end --><\/div><\/div><div class=\"col-12 col-sm-12 col-md-4 col-lg-4\"><div id=\"entry-290\" class=\"blog-entry post-290 post type-post status-publish format-standard has-post-thumbnail hentry category-sem-categoria\"> <div class=\"entry-img\"><a href =\"https:\/\/furlong.com.br\/en\/comemoracao-25-anos-furlong-brasil\/\" title =\"Comemora\u00e7\u00e3o dos 25 anos da Transportes Furlong do Brasil\"><img src=\"https:\/\/furlong.com.br\/wp-content\/uploads\/2020\/06\/25-anos-1.png\" class=\"img-fluid\" alt=\"Comemora\u00e7\u00e3o dos 25 anos da Transportes Furlong do Brasil\"><\/a><\/div><!-- .entry-img end --><div class=\"entry-content\"><div class=\"entry-date\">10 de June de 2020<\/div><div class=\"entry-title\"> <h4><a href=\"https:\/\/furlong.com.br\/en\/comemoracao-25-anos-furlong-brasil\/\">Celebrating 25 years of Furlong do Brasil<\/a><\/h4><\/div><div class=\"entry-bio\"><p>No ano de 2017\u00a0 comemoramos os 25 anos de trabalho no Brasil. &nbsp; There are no limitations on where you<\/p><\/div><div class=\"entry-more\"><a href=\"https:\/\/furlong.com.br\/en\/comemoracao-25-anos-furlong-brasil\/\">MORE INFORMATION<\/span><\/a><\/div> <\/div><!-- .entry-content end --><\/div><\/div><div class=\"col-12 col-sm-12 col-md-4 col-lg-4\"><div id=\"entry-293\" class=\"blog-entry post-293 post type-post status-publish format-standard has-post-thumbnail hentry category-sem-categoria\"> <div class=\"entry-img\"><a href =\"https:\/\/furlong.com.br\/en\/inicio-processo-certificacao-oea\/\" title =\"Initiate OEA\u00b4s certification process\"><img src=\"https:\/\/furlong.com.br\/wp-content\/uploads\/2020\/06\/cert-oea-1.png\" class=\"img-fluid\" alt=\"In\u00edcio do processo de certifica\u00e7\u00e3o OEA\"><\/a><\/div><!-- .entry-img end --><div class=\"entry-content\"><div class=\"entry-date\">10 de June de 2020<\/div><div class=\"entry-title\"> <h4><a href=\"https:\/\/furlong.com.br\/en\/inicio-processo-certificacao-oea\/\">Initiate OEA\u00b4s certification process<\/a><\/h4><\/div><div class=\"entry-bio\"><p>In September 2019, Furlong do Brasil initiated the OEA certification process with the assistance of Lira TTMS<\/p><\/div><div class=\"entry-more\"><a href=\"https:\/\/furlong.com.br\/en\/inicio-processo-certificacao-oea\/\">MORE INFORMATION<\/span><\/a><\/div> <\/div><!-- .entry-content end --><\/div><\/div><div class=\"col-12 col-sm-12 col-md-4 col-lg-4\"><div id=\"entry-277\" class=\"blog-entry post-277 post type-post status-publish format-standard has-post-thumbnail hentry category-sem-categoria\"> <div class=\"entry-img\"><a href =\"https:\/\/furlong.com.br\/en\/inicio-processo-cerificacao-iso-14001\/\" title =\"Initiate ISO 14.001 certification process\"><img src=\"https:\/\/furlong.com.br\/wp-content\/uploads\/2020\/06\/cert-14001.png\" class=\"img-fluid\" alt=\"In\u00edcio do processo de certifica\u00e7\u00e3o ISO 14001\"><\/a><\/div><!-- .entry-img end --><div class=\"entry-content\"><div class=\"entry-date\">10 de June de 2020<\/div><div class=\"entry-title\"> <h4><a href=\"https:\/\/furlong.com.br\/en\/inicio-processo-cerificacao-iso-14001\/\">Initiate ISO 14.001 certification process<\/a><\/h4><\/div><div class=\"entry-bio\"><p>In October 2019, Furlong do Brasil started the ISO 14.001 process with the assistance of Alianza Consultoria<\/p><\/div><div class=\"entry-more\"><a href=\"https:\/\/furlong.com.br\/en\/inicio-processo-cerificacao-iso-14001\/\">MORE INFORMATION<\/span><\/a><\/div> <\/div><!-- .entry-content end --><\/div><\/div><div class=\"col-12 col-sm-12 col-md-4 col-lg-4\"><div id=\"entry-262\" class=\"blog-entry post-262 post type-post status-publish format-standard has-post-thumbnail hentry category-sem-categoria\"> <div class=\"entry-img\"><a href =\"https:\/\/furlong.com.br\/en\/auditoria-manutencao-iso-9001\/\" title =\"ISO 9.001 Maintenance Audit\"><img src=\"https:\/\/furlong.com.br\/wp-content\/uploads\/2020\/06\/cert.9001.png\" class=\"img-fluid\" alt=\"Auditoria de Manuten\u00e7\u00e3o da ISO 9001\"><\/a><\/div><!-- .entry-img end --><div class=\"entry-content\"><div class=\"entry-date\">10 de June de 2020<\/div><div class=\"entry-title\"> <h4><a href=\"https:\/\/furlong.com.br\/en\/auditoria-manutencao-iso-9001\/\">ISO 9.001 Maintenance Audit<\/a><\/h4><\/div><div class=\"entry-bio\"><p>In December 2019, Furlong do Brasil successfully obtained the ISO recertification validation<\/p><\/div><div class=\"entry-more\"><a href=\"https:\/\/furlong.com.br\/en\/auditoria-manutencao-iso-9001\/\">MORE INFORMATION<\/span><\/a><\/div> <\/div><!-- .entry-content end --><\/div><\/div><div class=\"col-12 col-sm-12 col-md-4 col-lg-4\"><div id=\"entry-272\" class=\"blog-entry post-272 post type-post status-publish format-standard has-post-thumbnail hentry category-sem-categoria\"> <div class=\"entry-img\"><a href =\"https:\/\/furlong.com.br\/en\/invetimento-infraestrutura-ti-home-office\/\" title =\"Investment in IT infrastructure for home office work\"><img src=\"https:\/\/furlong.com.br\/wp-content\/uploads\/2020\/06\/TI.png\" class=\"img-fluid\" alt=\"Investimento em infraestrutura de TI para trabalho home office\"><\/a><\/div><!-- .entry-img end --><div class=\"entry-content\"><div class=\"entry-date\">10 de June de 2020<\/div><div class=\"entry-title\"> <h4><a href=\"https:\/\/furlong.com.br\/en\/invetimento-infraestrutura-ti-home-office\/\">Investment in IT infrastructure for home office work<\/a><\/h4><\/div><div class=\"entry-bio\"><p>In April 2020, Furlong do Brasil invested in a new server to be able to facilitate home office work in an efficient and safe way<\/p><\/div><div class=\"entry-more\"><a href=\"https:\/\/furlong.com.br\/en\/invetimento-infraestrutura-ti-home-office\/\">MORE INFORMATION<\/span><\/a><\/div> <\/div><!-- .entry-content end --><\/div><\/div><div class=\"col-12 col-sm-12 col-md-4 col-lg-4\"><div id=\"entry-275\" class=\"blog-entry post-275 post type-post status-publish format-standard has-post-thumbnail hentry category-sem-categoria\"> <div class=\"entry-img\"><a href =\"https:\/\/furlong.com.br\/en\/responsabilidade-social-acao-em-conjunto-paroquia-santo-antonio-batistini\/\" title =\"Social Responsability \u2013 Joint action with Santo Antonio Parish from Batistini\u00b4s neigbourhoud\"><img src=\"https:\/\/furlong.com.br\/wp-content\/uploads\/2020\/06\/resp-social.png\" class=\"img-fluid\" alt=\"Responsabilidade Social \u2013 a\u00e7\u00e3o em conjunto com a Par\u00f3quia Santo Ant\u00f4nio do Bairro Batistini\"><\/a><\/div><!-- .entry-img end --><div class=\"entry-content\"><div class=\"entry-date\">10 de June de 2020<\/div><div class=\"entry-title\"> <h4><a href=\"https:\/\/furlong.com.br\/en\/responsabilidade-social-acao-em-conjunto-paroquia-santo-antonio-batistini\/\">Social Responsability \u2013 Joint action with Santo Antonio Parish from Batistini\u00b4s neigbourhoud<\/a><\/h4><\/div><div class=\"entry-bio\"><p>In April 2020, Furlong do Brasil donated food baskets to needy families from nearby communities in \u201cBatistini\u00a0<\/p><\/div><div class=\"entry-more\"><a href=\"https:\/\/furlong.com.br\/en\/responsabilidade-social-acao-em-conjunto-paroquia-santo-antonio-batistini\/\">MORE INFORMATION<\/span><\/a><\/div> <\/div><!-- .entry-content end --><\/div><\/div><\/div><\/div>     \t    <\/div>\n\n                    <\/div>                \t\t\t\n    \t<\/div>\n        [\/vc_column][\/vc_row]<\/p>","protected":false},"excerpt":{"rendered":"<p>[vc_row full_width=&#8221;stretch_row_content_no_spaces&#8221; el_id=&#8221;titulo-pagina&#8221; css=&#8221;.vc_custom_1591902635563{background-image: url(http:\/\/furlong.com.br\/wp-content\/uploads\/2020\/06\/bg-header-comunicacao-corporativa.png?id=296) !important;background-position: center !important;background-repeat: no-repeat !important;background-size: cover !important;}&#8221;][vc_column][vc_row_inner][vc_column_inner width=&#8221;1\/3&#8243; offset=&#8221;vc_col-lg-offset-8&#8243;][vc_column_text el_class=&#8221;titulopaginatxt&#8221;] Comunica\u00e7\u00e3o Corporativa [\/vc_column_text][\/vc_column_inner][\/vc_row_inner][\/vc_column][\/vc_row][vc_row full_width=&#8221;stretch_row_content_no_spaces&#8221; el_id=&#8221;a-empresa&#8221; css=&#8221;.vc_custom_1591819256439{padding-top: 60px !important;padding-bottom: 60px !important;}&#8221;][vc_column width=&#8221;5\/6&#8243; offset=&#8221;vc_col-lg-offset-2&#8243; el_class=&#8221;postagens&#8221;][\/vc_column][\/vc_row]<\/p>","protected":false},"author":7,"featured_media":302,"parent":0,"menu_order":0,"comment_status":"closed","ping_status":"closed","template":"","meta":[],"_links":{"self":[{"href":"https:\/\/furlong.com.br\/en\/wp-json\/wp\/v2\/pages\/260"}],"collection":[{"href":"https:\/\/furlong.com.br\/en\/wp-json\/wp\/v2\/pages"}],"about":[{"href":"https:\/\/furlong.com.br\/en\/wp-json\/wp\/v2\/types\/page"}],"author":[{"embeddable":true,"href":"https:\/\/furlong.com.br\/en\/wp-json\/wp\/v2\/users\/7"}],"replies":[{"embeddable":true,"href":"https:\/\/furlong.com.br\/en\/wp-json\/wp\/v2\/comments?post=260"}],"version-history":[{"count":7,"href":"https:\/\/furlong.com.br\/en\/wp-json\/wp\/v2\/pages\/260\/revisions"}],"predecessor-version":[{"id":1176,"href":"https:\/\/furlong.com.br\/en\/wp-json\/wp\/v2\/pages\/260\/revisions\/1176"}],"wp:featuredmedia":[{"embeddable":true,"href":"https:\/\/furlong.com.br\/en\/wp-json\/wp\/v2\/media\/302"}],"wp:attachment":[{"href":"https:\/\/furlong.com.br\/en\/wp-json\/wp\/v2\/media?parent=260"}],"curies":[{"name":"wp","href":"https:\/\/api.w.org\/{rel}","templated":true}]}}