{"id":440,"date":"2020-06-14T13:17:47","date_gmt":"2020-06-14T16:17:47","guid":{"rendered":"http:\/\/furlong.com.br\/?page_id=440"},"modified":"2020-12-08T18:47:07","modified_gmt":"2020-12-08T21:47:07","slug":"servicos-de-logistica-2","status":"publish","type":"page","link":"https:\/\/furlong.com.br\/es\/servicos\/servicos-de-logistica-2\/","title":{"rendered":"Servicios de Log\u00edstica"},"content":{"rendered":"<p>[vc_row full_width=&#8221;stretch_row_content_no_spaces&#8221; el_id=&#8221;titulo-pagina&#8221; css=&#8221;.vc_custom_1592151747489{background-image: url(http:\/\/furlong.com.br\/wp-content\/uploads\/2020\/06\/bg-servicos-logistica.jpg?id=443) !important;background-position: center !important;background-repeat: no-repeat !important;background-size: cover !important;}&#8221;][vc_column][vc_row_inner][vc_column_inner width=&#8221;5\/12&#8243; offset=&#8221;vc_col-lg-offset-7&#8243;][vc_column_text el_class=&#8221;titulopaginatxt&#8221;]<\/p>\n<h2 style=\"text-align: right;\">Servicios de Log\u00edstica<\/h2>\n<p style=\"text-align: right;\">La log\u00edstica es mucho m\u00e1s que un proceso operacional, es una metodolog\u00eda estrat\u00e9gica. Furlong tiene como objetivo convertirse en socio estrat\u00e9gico de sus clientes, implantando ventajas estrat\u00e9gicas que sean sustentables en el tiempo.<\/p>\n<p>[\/vc_column_text][\/vc_column_inner][\/vc_row_inner][\/vc_column][\/vc_row][vc_row full_width=&#8221;stretch_row_content_no_spaces&#8221; el_id=&#8221;a-empresa&#8221; css=&#8221;.vc_custom_1591819256439{padding-top: 60px !important;padding-bottom: 60px !important;}&#8221;][vc_column width=&#8221;5\/6&#8243; offset=&#8221;vc_col-lg-offset-2&#8243;][vc_row_inner el_class=&#8221;contentxt&#8221;][vc_column_inner width=&#8221;1\/2&#8243;][vc_column_text el_class=&#8221;aempresatxt esquerda&#8221;]<\/p>\n<h2>Los servicios que prestamos en el \u00e1rea de log\u00edstica son:<\/h2>\n<p>[\/vc_column_text][\/vc_column_inner][\/vc_row_inner][vc_row_inner el_class=&#8221;contentxt&#8221; css=&#8221;.vc_custom_1591823822093{padding-bottom: 80px !important;}&#8221;][vc_column_inner width=&#8221;1\/2&#8243;][vc_column_text el_class=&#8221;aempresatxt esquerda&#8221;]<\/p>\n<ul>\n<li>Planificaci\u00f3n y an\u00e1lisis de optimizaci\u00f3n log\u00edstica<\/li>\n<li>Ruteo<\/li>\n<li>Almacenaje<\/li>\n<li>Cross Docking<\/li>\n<li>Milk Run e colectas<\/li>\n<\/ul>\n<p>[\/vc_column_text][\/vc_column_inner][vc_column_inner width=&#8221;1\/2&#8243;][vc_column_text el_class=&#8221;aempresatxt esquerda&#8221;]<\/p>\n<ul>\n<li>Transporte de cargas generales y transporte de veh\u00edculos<\/li>\n<li>Transporte mar\u00edtimo<\/li>\n<li>Transporte nacional<\/li>\n<li>Transporte internacional<\/li>\n<\/ul>\n<p>[\/vc_column_text][\/vc_column_inner][\/vc_row_inner][\/vc_column][\/vc_row][vc_row full_width=&#8221;stretch_row_content_no_spaces&#8221; css=&#8221;.vc_custom_1592151765058{background-image: url(http:\/\/furlong.com.br\/wp-content\/uploads\/2020\/06\/bg-servicos-logistica.jpg?id=443) !important;}&#8221; el_id=&#8221;rse&#8221;][vc_column width=&#8221;5\/6&#8243; offset=&#8221;vc_col-lg-offset-2&#8243;][vc_row_inner][vc_column_inner][vc_column_text el_class=&#8221;rsetxt&#8221;]<img loading=\"lazy\" class=\"wp-image-446 size-full aligncenter\" src=\"http:\/\/furlong.com.br\/wp-content\/uploads\/2020\/06\/noun_warehouse_1938587.png\" alt=\"\" width=\"59\" height=\"52\" \/><\/p>\n<h2 style=\"text-align: center;\">Servicios de log\u00edstica<\/h2>\n<p style=\"text-align: center;\">Furlong presta servicios integrados de log\u00edstica, desarrollados para atender las necesidades de cada cliente<\/p>\n<p>[\/vc_column_text][\/vc_column_inner][\/vc_row_inner][vc_row_inner el_class=&#8221;servlinks&#8221; css=&#8221;.vc_custom_1592149100763{margin-top: 35px !important;}&#8221;][vc_column_inner width=&#8221;1\/3&#8243;][vc_column_text el_class=&#8221;servlink&#8221;]<\/p>\n<h3>Log\u00edstica para<br \/>\ncarga general<\/h3>\n<p><a href=\"http:\/\/furlong.com.br\/servicos\/servicos-de-logistica-2\/logistica-para-carga-geral\/\">Cliquea ac\u00e1 para <br>mas informaci\u00f3n<\/a>[\/vc_column_text][\/vc_column_inner][vc_column_inner width=&#8221;1\/3&#8243;][vc_column_text el_class=&#8221;servlink&#8221;]<\/p>\n<h3>Log\u00edstica<br \/>\nde veh\u00edculos<\/h3>\n<p><a href=\"http:\/\/furlong.com.br\/servicos\/servicos-de-logistica-2\/logistica-de-veiculos\/\">Cliquea ac\u00e1 para <br>mas informaci\u00f3n<\/a>[\/vc_column_text][\/vc_column_inner][vc_column_inner width=&#8221;1\/3&#8243;][vc_column_text el_class=&#8221;servlink direita&#8221;]<\/p>\n<h3>Log\u00edstica<br \/>\nPortuaria<\/h3>\n<p><a href=\"http:\/\/furlong.com.br\/servicos\/servicos-de-logistica-2\/logistica-de-portuaria\/\">Cliquea ac\u00e1 para <br>mas informaci\u00f3n<\/a>[\/vc_column_text][\/vc_column_inner][\/vc_row_inner][\/vc_column][\/vc_row]<\/p>","protected":false},"excerpt":{"rendered":"<p>[vc_row full_width=&#8221;stretch_row_content_no_spaces&#8221; el_id=&#8221;titulo-pagina&#8221; css=&#8221;.vc_custom_1592151747489{background-image: url(http:\/\/furlong.com.br\/wp-content\/uploads\/2020\/06\/bg-servicos-logistica.jpg?id=443) !important;background-position: center !important;background-repeat: no-repeat !important;background-size: cover !important;}&#8221;][vc_column][vc_row_inner][vc_column_inner width=&#8221;5\/12&#8243; offset=&#8221;vc_col-lg-offset-7&#8243;][vc_column_text el_class=&#8221;titulopaginatxt&#8221;] Servi\u00e7os de Log\u00edstica A log\u00edstica \u00e9 muito mais do que um processo operacional, \u00e9 uma metodologia estrat\u00e9gica. A Furlong tem como objetivo tornar-se um parceiro estrat\u00e9gico de seus clientes, implantando vantagens estrat\u00e9gicas que sejam sustent\u00e1veis com o tempo. [\/vc_column_text][\/vc_column_inner][\/vc_row_inner][\/vc_column][\/vc_row][vc_row full_width=&#8221;stretch_row_content_no_spaces&#8221; [&hellip;]<\/p>","protected":false},"author":7,"featured_media":0,"parent":203,"menu_order":0,"comment_status":"closed","ping_status":"open","template":"","meta":[],"_links":{"self":[{"href":"https:\/\/furlong.com.br\/es\/wp-json\/wp\/v2\/pages\/440"}],"collection":[{"href":"https:\/\/furlong.com.br\/es\/wp-json\/wp\/v2\/pages"}],"about":[{"href":"https:\/\/furlong.com.br\/es\/wp-json\/wp\/v2\/types\/page"}],"author":[{"embeddable":true,"href":"https:\/\/furlong.com.br\/es\/wp-json\/wp\/v2\/users\/7"}],"replies":[{"embeddable":true,"href":"https:\/\/furlong.com.br\/es\/wp-json\/wp\/v2\/comments?post=440"}],"version-history":[{"count":7,"href":"https:\/\/furlong.com.br\/es\/wp-json\/wp\/v2\/pages\/440\/revisions"}],"predecessor-version":[{"id":1075,"href":"https:\/\/furlong.com.br\/es\/wp-json\/wp\/v2\/pages\/440\/revisions\/1075"}],"up":[{"embeddable":true,"href":"https:\/\/furlong.com.br\/es\/wp-json\/wp\/v2\/pages\/203"}],"wp:attachment":[{"href":"https:\/\/furlong.com.br\/es\/wp-json\/wp\/v2\/media?parent=440"}],"curies":[{"name":"wp","href":"https:\/\/api.w.org\/{rel}","templated":true}]}}