{"id":480,"date":"2020-06-14T16:43:53","date_gmt":"2020-06-14T19:43:53","guid":{"rendered":"http:\/\/furlong.com.br\/?page_id=480"},"modified":"2020-12-08T18:51:31","modified_gmt":"2020-12-08T21:51:31","slug":"logistica-para-carga-geral","status":"publish","type":"page","link":"https:\/\/furlong.com.br\/es\/servicos\/servicos-de-logistica-2\/logistica-para-carga-geral\/","title":{"rendered":"Log\u00edstica para carga geral"},"content":{"rendered":"<p>[vc_row full_width=&#8221;stretch_row_content_no_spaces&#8221; el_id=&#8221;titulo-pagina&#8221; css=&#8221;.vc_custom_1595291159965{background-image: url(http:\/\/furlong.com.br\/wp-content\/uploads\/2020\/07\/header-carga-geral.jpg?id=764) !important;background-position: center !important;background-repeat: no-repeat !important;background-size: cover !important;}&#8221;][vc_column width=&#8221;5\/6&#8243; offset=&#8221;vc_col-lg-offset-2&#8243;][vc_row_inner el_class=&#8221;containerhead&#8221; css=&#8221;.vc_custom_1592160260896{margin-bottom: 45px !important;}&#8221;][vc_column_inner width=&#8221;5\/12&#8243;][vc_column_text el_class=&#8221;rsetxt&#8221;]<\/p>\n<h2><img loading=\"lazy\" class=\"wp-image-446 size-full alignleft\" src=\"http:\/\/furlong.com.br\/wp-content\/uploads\/2020\/06\/noun_warehouse_1938587.png\" alt=\"\" width=\"59\" height=\"52\" \/> Servicios de log\u00edstica<\/h2>\n<p>[\/vc_column_text][\/vc_column_inner][vc_column_inner width=&#8221;7\/12&#8243;][vc_column_text el_class=&#8221;headerred&#8221;]<\/p>\n<h2>Log\u00edstica para<br \/>\ncarga general<\/h2>\n<p>[\/vc_column_text][\/vc_column_inner][\/vc_row_inner][vc_row_inner el_class=&#8221;containerhead&#8221;][vc_column_inner width=&#8221;1\/4&#8243;][vc_column_text el_class=&#8221;breadcrumb1&#8243;]Outros servi\u00e7os<br \/>\nde transporte:[\/vc_column_text][\/vc_column_inner][vc_column_inner width=&#8221;2\/3&#8243;][vc_column_text el_class=&#8221;breadcrumb2&#8243;]<\/p>\n<ul>\n<li><a href=\"http:\/\/furlong.com.br\/servicos\/servicos-de-logistica-2\/logistica-de-portuaria\/\">Log\u00edstica Portuaria<\/a><\/li>\n<li><a href=\"http:\/\/furlong.com.br\/servicos\/servicos-de-logistica-2\/logistica-de-veiculos\/\">Log\u00edstica de Veh\u00edculos<\/a><\/li>\n<\/ul>\n<p>[\/vc_column_text][\/vc_column_inner][\/vc_row_inner][\/vc_column][\/vc_row][vc_row full_width=&#8221;stretch_row_content_no_spaces&#8221; el_id=&#8221;a-empresa&#8221; css=&#8221;.vc_custom_1591819256439{padding-top: 60px !important;padding-bottom: 60px !important;}&#8221;][vc_column width=&#8221;5\/6&#8243; offset=&#8221;vc_col-lg-offset-2&#8243;][vc_row_inner el_class=&#8221;contentxt&#8221;][vc_column_inner width=&#8221;1\/2&#8243;][vc_column_text el_class=&#8221;aempresatxt esquerda&#8221; css=&#8221;.vc_custom_1605730088185{margin-bottom: 50px !important;}&#8221;]<\/p>\n<h2>Planificaci\u00f3n y an\u00e1lisis de optimizaci\u00f3n log\u00edstica<\/h2>\n<p>Com uma equipe especializada e sistemas de \u00faltima gera\u00e7\u00e3o, a Transportes Furlong do Brasil analisa antecipadamente a demanda do cliente e prop\u00f5e os recursos a serem utilizados para o abastecimento da planta, de forma eficiente, minimizando os custos.[\/vc_column_text][vc_column_text el_class=&#8221;aempresatxt esquerda&#8221; css=&#8221;.vc_custom_1605730289529{margin-bottom: 50px !important;}&#8221;]<\/p>\n<h2>Cross Docking<\/h2>\n<p>A Transportes Furlong do Brasil tem muita experi\u00eancia na implementa\u00e7\u00e3o e gest\u00e3o de armaz\u00e9ns, com opera\u00e7\u00f5es cross docking. A empresa tem desenvolvido ajustes no seus sistemas de warehousing para simplificar e flexibilizar o processo da opera\u00e7\u00e3o, no dia a dia.[\/vc_column_text][vc_column_text el_class=&#8221;aempresatxt esquerda&#8221; css=&#8221;.vc_custom_1605731492129{margin-bottom: 50px !important;}&#8221;]<\/p>\n<h2>Milk Run + Coletas<\/h2>\n<p>A Furlong trabalha faz mais de 25 anos, abastecendo as maiores plantas de autom\u00f3veis e segmentos diversos no Brasil. A equipe Furlong esta acostumada a trabalhar alcan\u00e7ando os mais altos standards de servi\u00e7o. A empresa conta com as melhores tecnologias, para poder localizar aos equipamentos online (sistemas tracking) e para que os motoristas consigam confirmar informa\u00e7\u00f5es, via aplicativos nos telefones (sistemas mobile).[\/vc_column_text][\/vc_column_inner][vc_column_inner width=&#8221;1\/2&#8243;][vc_column_text el_class=&#8221;aempresatxt esquerda&#8221; css=&#8221;.vc_custom_1605730169434{margin-bottom: 50px !important;}&#8221;]<\/p>\n<h2>Ruteo<\/h2>\n<p>Com um sistema de \u00faltima gera\u00e7\u00e3o, a Transportes Furlong do Brasil, consegue programar as melhores rotas e os equipamentos necess\u00e1rios para abastecer as plantas, minimizando os custos log\u00edsticos de cada cliente.[\/vc_column_text][vc_column_text el_class=&#8221;aempresatxt esquerda&#8221; css=&#8221;.vc_custom_1605731289182{margin-bottom: 50px !important;}&#8221;]<\/p>\n<h2>Almacenaje<\/h2>\n<p>A Transportes Furlong do Brasil tem implementado e gerenciado mais de 10 opera\u00e7\u00f5es de armazenagem. Nossa empresa conta com pessoal experiente e sistema para poder operar armaz\u00e9ns, de forma altamente eficiente. Temos a flexibilidade de pode utilizar a estrutura atual da empresa (Armaz\u00e9ns), como tamb\u00e9m de analisar estrategicamente a localiza\u00e7\u00e3o e alugar novos armaz\u00e9ns de acordo a necessidade de cada cliente.[\/vc_column_text][vc_column_text el_class=&#8221;aempresatxt esquerda&#8221; css=&#8221;.vc_custom_1605731520630{margin-bottom: 50px !important;}&#8221;]<\/p>\n<h2>Otros servicios<\/h2>\n<p>A Furlong tem uma equipe especializada no desenvolvimento de novos projetos, para atender de forma eficiente as necessidades de cada cliente.[\/vc_column_text][\/vc_column_inner][\/vc_row_inner][\/vc_column][\/vc_row]<\/p>","protected":false},"excerpt":{"rendered":"<p>[vc_row full_width=&#8221;stretch_row_content_no_spaces&#8221; el_id=&#8221;titulo-pagina&#8221; css=&#8221;.vc_custom_1595291159965{background-image: url(http:\/\/furlong.com.br\/wp-content\/uploads\/2020\/07\/header-carga-geral.jpg?id=764) !important;background-position: center !important;background-repeat: no-repeat !important;background-size: cover !important;}&#8221;][vc_column width=&#8221;5\/6&#8243; offset=&#8221;vc_col-lg-offset-2&#8243;][vc_row_inner el_class=&#8221;containerhead&#8221; css=&#8221;.vc_custom_1592160260896{margin-bottom: 45px !important;}&#8221;][vc_column_inner width=&#8221;5\/12&#8243;][vc_column_text el_class=&#8221;rsetxt&#8221;] Servi\u00e7os de log\u00edstica [\/vc_column_text][\/vc_column_inner][vc_column_inner width=&#8221;7\/12&#8243;][vc_column_text el_class=&#8221;headerred&#8221;] Log\u00edstica para carga geral [\/vc_column_text][\/vc_column_inner][\/vc_row_inner][vc_row_inner el_class=&#8221;containerhead&#8221;][vc_column_inner width=&#8221;1\/4&#8243;][vc_column_text el_class=&#8221;breadcrumb1&#8243;]Outros servi\u00e7os de transporte:[\/vc_column_text][\/vc_column_inner][vc_column_inner width=&#8221;2\/3&#8243;][vc_column_text el_class=&#8221;breadcrumb2&#8243;] Log\u00edstica de portu\u00e1ria Log\u00edstica de ve\u00edculos [\/vc_column_text][\/vc_column_inner][\/vc_row_inner][\/vc_column][\/vc_row][vc_row full_width=&#8221;stretch_row_content_no_spaces&#8221; el_id=&#8221;a-empresa&#8221; css=&#8221;.vc_custom_1591819256439{padding-top: 60px !important;padding-bottom: 60px !important;}&#8221;][vc_column width=&#8221;5\/6&#8243; offset=&#8221;vc_col-lg-offset-2&#8243;][vc_row_inner [&hellip;]<\/p>","protected":false},"author":7,"featured_media":0,"parent":440,"menu_order":0,"comment_status":"closed","ping_status":"open","template":"","meta":[],"_links":{"self":[{"href":"https:\/\/furlong.com.br\/es\/wp-json\/wp\/v2\/pages\/480"}],"collection":[{"href":"https:\/\/furlong.com.br\/es\/wp-json\/wp\/v2\/pages"}],"about":[{"href":"https:\/\/furlong.com.br\/es\/wp-json\/wp\/v2\/types\/page"}],"author":[{"embeddable":true,"href":"https:\/\/furlong.com.br\/es\/wp-json\/wp\/v2\/users\/7"}],"replies":[{"embeddable":true,"href":"https:\/\/furlong.com.br\/es\/wp-json\/wp\/v2\/comments?post=480"}],"version-history":[{"count":6,"href":"https:\/\/furlong.com.br\/es\/wp-json\/wp\/v2\/pages\/480\/revisions"}],"predecessor-version":[{"id":1077,"href":"https:\/\/furlong.com.br\/es\/wp-json\/wp\/v2\/pages\/480\/revisions\/1077"}],"up":[{"embeddable":true,"href":"https:\/\/furlong.com.br\/es\/wp-json\/wp\/v2\/pages\/440"}],"wp:attachment":[{"href":"https:\/\/furlong.com.br\/es\/wp-json\/wp\/v2\/media?parent=480"}],"curies":[{"name":"wp","href":"https:\/\/api.w.org\/{rel}","templated":true}]}}