{"id":215,"date":"2020-06-10T17:18:09","date_gmt":"2020-06-10T20:18:09","guid":{"rendered":"http:\/\/furlong.com.br\/?page_id=215"},"modified":"2020-12-08T20:31:55","modified_gmt":"2020-12-08T23:31:55","slug":"tecnologia","status":"publish","type":"page","link":"https:\/\/furlong.com.br\/pt_br\/tecnologia\/","title":{"rendered":"Tecnologia"},"content":{"rendered":"<p>[vc_row full_width=&#8221;stretch_row_content_no_spaces&#8221; el_id=&#8221;titulo-pagina&#8221; css=&#8221;.vc_custom_1591821290168{background-image: url(http:\/\/furlong.com.br\/wp-content\/uploads\/2020\/06\/bg-header-tecnologia.jpg?id=218) !important;background-position: center !important;background-repeat: no-repeat !important;background-size: cover !important;}&#8221;][vc_column][vc_row_inner][vc_column_inner width=&#8221;1\/3&#8243; offset=&#8221;vc_col-lg-offset-8&#8243;][vc_column_text el_class=&#8221;titulopaginatxt&#8221;]<\/p>\n<h2>Tecnologia<\/h2>\n<p>Trabalhar com uma equipe interna diretamente ligada \u00e0 tecnologia faz diferen\u00e7a na hora de garantir o melhor para nossos clientes![\/vc_column_text][\/vc_column_inner][\/vc_row_inner][\/vc_column][\/vc_row][vc_row full_width=&#8221;stretch_row_content_no_spaces&#8221; el_id=&#8221;a-empresa&#8221; css=&#8221;.vc_custom_1591819256439{padding-top: 60px !important;padding-bottom: 60px !important;}&#8221;][vc_column width=&#8221;5\/6&#8243; offset=&#8221;vc_col-lg-offset-2&#8243;][vc_row_inner el_class=&#8221;contentxt&#8221; css=&#8221;.vc_custom_1591823822093{padding-bottom: 80px !important;}&#8221;][vc_column_inner width=&#8221;1\/2&#8243;][vc_column_text el_class=&#8221;aempresatxt esquerda&#8221;]<\/p>\n<h2>A tecnologia faz parte do nosso dia a dia<\/h2>\n<p>Contamos com time interno completo de profissionais ligados \u00e0 tecnologia, que v\u00e3o desde analistas at\u00e9 gerente de TI, e s\u00e3o empenhados em trabalhar para facilitar e agilizar as nossas opera\u00e7\u00f5es.<\/p>\n<p>A equipe possui experi\u00eancia na integra\u00e7\u00e3o de sistemas, al\u00e9m de flexibilidade na execu\u00e7\u00e3o dos servi\u00e7os com um sistema de apoio \u00e0 log\u00edstica com tecnologia de \u00faltima gera\u00e7\u00e3o. A seguran\u00e7a das informa\u00e7\u00f5es \u00e9 garantida atrav\u00e9s da solidez na estrutura de banco de dados e do sistema.[\/vc_column_text][\/vc_column_inner][vc_column_inner width=&#8221;1\/2&#8243;][vc_column_text el_class=&#8221;aempresatxt direita&#8221;]Utilizamos tamb\u00e9m uma base de dados que possibilita a integra\u00e7\u00e3o com sistemas externos e a digitaliza\u00e7\u00e3o de documentos de viagem que o cliente pode acessar online.<br \/>\nO time est\u00e1 \u00e0 disposi\u00e7\u00e3o para resolver eventuais problemas relacionados \u00e0s integra\u00e7\u00f5es de sistema com a agilidade que apenas uma equipe interna pode garantir.[\/vc_column_text][\/vc_column_inner][\/vc_row_inner][vc_row_inner el_class=&#8221;tecnologias&#8221; css=&#8221;.vc_custom_1591824123461{padding-bottom: 50px !important;}&#8221;][vc_column_inner width=&#8221;1\/3&#8243;][vc_column_text]<img loading=\"lazy\" class=\"size-full wp-image-227 aligncenter\" src=\"http:\/\/furlong.com.br\/wp-content\/uploads\/2020\/06\/tracking.png\" alt=\"\" width=\"85\" height=\"85\" \/><\/p>\n<h3 style=\"text-align: center;\">Tracking<\/h3>\n<p style=\"text-align: center;\">Rastreamento dos ve\u00edculos em tempo real, com informa\u00e7\u00f5es de viagens e documenta\u00e7\u00e3o<\/p>\n<p>[\/vc_column_text][\/vc_column_inner][vc_column_inner width=&#8221;1\/3&#8243;][vc_column_text]<img loading=\"lazy\" class=\"wp-image-224 size-full aligncenter\" src=\"http:\/\/furlong.com.br\/wp-content\/uploads\/2020\/06\/mobile.png\" alt=\"\" width=\"85\" height=\"85\" \/><\/p>\n<h3 style=\"text-align: center;\">Mobile<\/h3>\n<p style=\"text-align: center;\">A Aplica\u00e7\u00f5es mobiles para atua\u00e7\u00e3o dos motoristas com informa\u00e7\u00f5es de entrega e ocorr\u00eancias<\/p>\n<p>[\/vc_column_text][\/vc_column_inner][vc_column_inner width=&#8221;1\/3&#8243;][vc_column_text]<img loading=\"lazy\" class=\"wp-image-226 size-full aligncenter\" src=\"http:\/\/furlong.com.br\/wp-content\/uploads\/2020\/06\/sistemas-integrados.png\" alt=\"\" width=\"85\" height=\"85\" \/><\/p>\n<h3 style=\"text-align: center;\">Sistemas Integrados<\/h3>\n<p style=\"text-align: center;\">Sistemas de Gest\u00e3o e Opera\u00e7\u00e3o, integrados com os sistemas dos clientes, atrav\u00e9s de tecnologias: SOAP, JSON, FTP, VANs.<\/p>\n<p>[\/vc_column_text][\/vc_column_inner][\/vc_row_inner][vc_row_inner el_class=&#8221;tecnologias&#8221;][vc_column_inner width=&#8221;1\/3&#8243;][vc_column_text]<img loading=\"lazy\" class=\"wp-image-223 size-full aligncenter\" src=\"http:\/\/furlong.com.br\/wp-content\/uploads\/2020\/06\/equipe-interna-especializada.png\" alt=\"\" width=\"85\" height=\"85\" \/><\/p>\n<h3 style=\"text-align: center;\">Equipe Interna Especializada<\/h3>\n<p style=\"text-align: center;\">Equipe especializada para solu\u00e7\u00f5es de integra\u00e7\u00e3o, suporte aos sistemas e solu\u00e7\u00f5es de problemas.<\/p>\n<p>[\/vc_column_text][\/vc_column_inner][vc_column_inner width=&#8221;1\/3&#8243;][vc_column_text]<img loading=\"lazy\" class=\"wp-image-225 size-full aligncenter\" src=\"http:\/\/furlong.com.br\/wp-content\/uploads\/2020\/06\/seguranca-na-informacao.png\" alt=\"\" width=\"85\" height=\"85\" \/><\/p>\n<h3 style=\"text-align: center;\">Seguran\u00e7a na informa\u00e7\u00e3o<\/h3>\n<p style=\"text-align: center;\">Antiv\u00edrus, backups di\u00e1rios, m\u00e1quinas virtuais escal\u00e1veis<\/p>\n<p>[\/vc_column_text][\/vc_column_inner][vc_column_inner width=&#8221;1\/3&#8243;][vc_column_text]<img loading=\"lazy\" class=\"wp-image-222 size-full aligncenter\" src=\"http:\/\/furlong.com.br\/wp-content\/uploads\/2020\/06\/data-center.png\" alt=\"\" width=\"85\" height=\"85\" \/><\/p>\n<h3 style=\"text-align: center;\">Data Center Cloud<\/h3>\n<p style=\"text-align: center;\">Servidores de banco de dados e aplica\u00e7\u00f5es em Data Center com disponibilidade e alto desempenho<\/p>\n<p>[\/vc_column_text][\/vc_column_inner][\/vc_row_inner][\/vc_column][\/vc_row]<\/p>\n","protected":false},"excerpt":{"rendered":"<p>[vc_row full_width=&#8221;stretch_row_content_no_spaces&#8221; el_id=&#8221;titulo-pagina&#8221; css=&#8221;.vc_custom_1591821290168{background-image: url(http:\/\/furlong.com.br\/wp-content\/uploads\/2020\/06\/bg-header-tecnologia.jpg?id=218) !important;background-position: center !important;background-repeat: no-repeat !important;background-size: cover !important;}&#8221;][vc_column][vc_row_inner][vc_column_inner width=&#8221;1\/3&#8243; offset=&#8221;vc_col-lg-offset-8&#8243;][vc_column_text el_class=&#8221;titulopaginatxt&#8221;] Tecnologia Trabalhar com uma equipe interna diretamente ligada \u00e0 tecnologia faz diferen\u00e7a na hora de garantir o melhor para nossos clientes![\/vc_column_text][\/vc_column_inner][\/vc_row_inner][\/vc_column][\/vc_row][vc_row full_width=&#8221;stretch_row_content_no_spaces&#8221; el_id=&#8221;a-empresa&#8221; css=&#8221;.vc_custom_1591819256439{padding-top: 60px !important;padding-bottom: 60px !important;}&#8221;][vc_column width=&#8221;5\/6&#8243; offset=&#8221;vc_col-lg-offset-2&#8243;][vc_row_inner el_class=&#8221;contentxt&#8221; css=&#8221;.vc_custom_1591823822093{padding-bottom: 80px !important;}&#8221;][vc_column_inner width=&#8221;1\/2&#8243;][vc_column_text el_class=&#8221;aempresatxt esquerda&#8221;] A tecnologia faz [&hellip;]<\/p>\n","protected":false},"author":7,"featured_media":0,"parent":0,"menu_order":0,"comment_status":"closed","ping_status":"open","template":"","meta":[],"_links":{"self":[{"href":"https:\/\/furlong.com.br\/pt_br\/wp-json\/wp\/v2\/pages\/215"}],"collection":[{"href":"https:\/\/furlong.com.br\/pt_br\/wp-json\/wp\/v2\/pages"}],"about":[{"href":"https:\/\/furlong.com.br\/pt_br\/wp-json\/wp\/v2\/types\/page"}],"author":[{"embeddable":true,"href":"https:\/\/furlong.com.br\/pt_br\/wp-json\/wp\/v2\/users\/7"}],"replies":[{"embeddable":true,"href":"https:\/\/furlong.com.br\/pt_br\/wp-json\/wp\/v2\/comments?post=215"}],"version-history":[{"count":4,"href":"https:\/\/furlong.com.br\/pt_br\/wp-json\/wp\/v2\/pages\/215\/revisions"}],"predecessor-version":[{"id":1327,"href":"https:\/\/furlong.com.br\/pt_br\/wp-json\/wp\/v2\/pages\/215\/revisions\/1327"}],"wp:attachment":[{"href":"https:\/\/furlong.com.br\/pt_br\/wp-json\/wp\/v2\/media?parent=215"}],"curies":[{"name":"wp","href":"https:\/\/api.w.org\/{rel}","templated":true}]}}