{"id":260,"date":"2020-06-11T15:50:17","date_gmt":"2020-06-11T18:50:17","guid":{"rendered":"http:\/\/furlong.com.br\/?page_id=260"},"modified":"2021-01-15T20:29:07","modified_gmt":"2021-01-15T23:29:07","slug":"comunicacao-corporativa","status":"publish","type":"page","link":"https:\/\/furlong.com.br\/pt_br\/comunicacao-corporativa\/","title":{"rendered":"Comunica\u00e7\u00e3o Corporativa"},"content":{"rendered":"<p>[vc_row full_width=&#8221;stretch_row_content_no_spaces&#8221; el_id=&#8221;titulo-pagina&#8221; css=&#8221;.vc_custom_1591902635563{background-image: url(http:\/\/furlong.com.br\/wp-content\/uploads\/2020\/06\/bg-header-comunicacao-corporativa.png?id=296) !important;background-position: center !important;background-repeat: no-repeat !important;background-size: cover !important;}&#8221;][vc_column][vc_row_inner][vc_column_inner width=&#8221;1\/3&#8243; offset=&#8221;vc_col-lg-offset-8&#8243;][vc_column_text el_class=&#8221;titulopaginatxt&#8221;]<\/p>\n<h2>Comunica\u00e7\u00e3o Corporativa<\/h2>\n<p>[\/vc_column_text][\/vc_column_inner][\/vc_row_inner][\/vc_column][\/vc_row][vc_row full_width=&#8221;stretch_row_content_no_spaces&#8221; el_id=&#8221;a-empresa&#8221; css=&#8221;.vc_custom_1591819256439{padding-top: 60px !important;padding-bottom: 60px !important;}&#8221;][vc_column width=&#8221;5\/6&#8243; offset=&#8221;vc_col-lg-offset-2&#8243; el_class=&#8221;postagens&#8221;]     \n    \t<div class=\"tc-tabs-style1 row wdo-tabs-container\">\n            <ul class=\"nav nav-tabs\">\n                                \t<li>\n                \t\t<a data-toggle=\"tab\" href=\"#tab-artigos\">Artigos<\/a>\n                \t<\/li>\n                            <\/ul>\n            <div class=\"tab-content\">\n            \t     \t\n     \t    <div id=\"tab-artigos-264\" class=\"tab-pane fade\">\n     \t    \t<div  class=\"kolaso_grid blog blog-grid pagination-off\"> <div class=\"row\"><div class=\"col-12 col-sm-12 col-md-4 col-lg-4\"><div id=\"entry-285\" class=\"blog-entry post-285 post type-post status-publish format-standard has-post-thumbnail hentry category-sem-categoria\"> <div class=\"entry-img\"><a href =\"https:\/\/furlong.com.br\/pt_br\/inicio-operacoes-pernambuco\/\" title =\"In\u00edcio de Opera\u00e7\u00f5es no Estado de Pernambuco\"><img src=\"https:\/\/furlong.com.br\/wp-content\/uploads\/2020\/06\/pernambuco.png\" class=\"img-fluid\" alt=\"In\u00edcio de Opera\u00e7\u00f5es no Estado de Pernambuco\"><\/a><\/div><!-- .entry-img end --><div class=\"entry-content\"><div class=\"entry-date\">10 de junho de 2020<\/div><div class=\"entry-title\"> <h4><a href=\"https:\/\/furlong.com.br\/pt_br\/inicio-operacoes-pernambuco\/\">In\u00edcio de Opera\u00e7\u00f5es no Estado de Pernambuco<\/a><\/h4><\/div><div class=\"entry-bio\"><p>Em julho de 2015, a Furlong do Brasil iniciou suas opera\u00e7\u00f5es de transporte na cidade de Goiana \u2013 PE.<\/p><\/div><div class=\"entry-more\"><a href=\"https:\/\/furlong.com.br\/pt_br\/inicio-operacoes-pernambuco\/\">Saiba mais<\/span><\/a><\/div> <\/div><!-- .entry-content end --><\/div><\/div><div class=\"col-12 col-sm-12 col-md-4 col-lg-4\"><div id=\"entry-281\" class=\"blog-entry post-281 post type-post status-publish format-standard has-post-thumbnail hentry category-sem-categoria\"> <div class=\"entry-img\"><a href =\"https:\/\/furlong.com.br\/pt_br\/novo-parque-logistico-em-sao-jose-dos-pinhais\/\" title =\"Novo Parque Log\u00edstico em S\u00e3o Jos\u00e9 dos Pinhais\"><img src=\"https:\/\/furlong.com.br\/wp-content\/uploads\/2020\/06\/logis-sjp-1.png\" class=\"img-fluid\" alt=\"Novo Parque Log\u00edstico em S\u00e3o Jos\u00e9 dos Pinhais\"><\/a><\/div><!-- .entry-img end --><div class=\"entry-content\"><div class=\"entry-date\">10 de junho de 2020<\/div><div class=\"entry-title\"> <h4><a href=\"https:\/\/furlong.com.br\/pt_br\/novo-parque-logistico-em-sao-jose-dos-pinhais\/\">Novo Parque Log\u00edstico em S\u00e3o Jos\u00e9 dos Pinhais<\/a><\/h4><\/div><div class=\"entry-bio\"><p>Em novembro de 2016 a Furlong do Brasil instalou-se em um novo CD, mais amplo e moderno, com 12.500 m\u00b2<\/p><\/div><div class=\"entry-more\"><a href=\"https:\/\/furlong.com.br\/pt_br\/novo-parque-logistico-em-sao-jose-dos-pinhais\/\">Saiba mais<\/span><\/a><\/div> <\/div><!-- .entry-content end --><\/div><\/div><div class=\"col-12 col-sm-12 col-md-4 col-lg-4\"><div id=\"entry-266\" class=\"blog-entry post-266 post type-post status-publish format-standard has-post-thumbnail hentry category-sem-categoria\"> <div class=\"entry-img\"><a href =\"https:\/\/furlong.com.br\/pt_br\/novo-sistema-routing-tracking-mobile\/\" title =\"Novo Sistema de routing Tracking e Mobile\"><img src=\"https:\/\/furlong.com.br\/wp-content\/uploads\/2020\/06\/track-mobile.png\" class=\"img-fluid\" alt=\"Novo Sistema de routing Tracking e Mobile\"><\/a><\/div><!-- .entry-img end --><div class=\"entry-content\"><div class=\"entry-date\">10 de junho de 2020<\/div><div class=\"entry-title\"> <h4><a href=\"https:\/\/furlong.com.br\/pt_br\/novo-sistema-routing-tracking-mobile\/\">Novo Sistema de routing Tracking e Mobile<\/a><\/h4><\/div><div class=\"entry-bio\"><p>Em julho de\u00a0 2017 ,a Furlong do Brasil implementou um novo sistema de routing, com tracking online e Mobile. Este<\/p><\/div><div class=\"entry-more\"><a href=\"https:\/\/furlong.com.br\/pt_br\/novo-sistema-routing-tracking-mobile\/\">Saiba mais<\/span><\/a><\/div> <\/div><!-- .entry-content end --><\/div><\/div><div class=\"col-12 col-sm-12 col-md-4 col-lg-4\"><div id=\"entry-290\" class=\"blog-entry post-290 post type-post status-publish format-standard has-post-thumbnail hentry category-sem-categoria\"> <div class=\"entry-img\"><a href =\"https:\/\/furlong.com.br\/pt_br\/comemoracao-25-anos-furlong-brasil\/\" title =\"Comemora\u00e7\u00e3o dos 25 anos da Transportes Furlong do Brasil\"><img src=\"https:\/\/furlong.com.br\/wp-content\/uploads\/2020\/06\/25-anos-1.png\" class=\"img-fluid\" alt=\"Comemora\u00e7\u00e3o dos 25 anos da Transportes Furlong do Brasil\"><\/a><\/div><!-- .entry-img end --><div class=\"entry-content\"><div class=\"entry-date\">10 de junho de 2020<\/div><div class=\"entry-title\"> <h4><a href=\"https:\/\/furlong.com.br\/pt_br\/comemoracao-25-anos-furlong-brasil\/\">Comemora\u00e7\u00e3o dos 25 anos da Transportes Furlong do<\/a><\/h4><\/div><div class=\"entry-bio\"><p>No ano de 2017\u00a0 comemoramos os 25 anos de trabalho no Brasil. &nbsp; There are no limitations on where you<\/p><\/div><div class=\"entry-more\"><a href=\"https:\/\/furlong.com.br\/pt_br\/comemoracao-25-anos-furlong-brasil\/\">Saiba mais<\/span><\/a><\/div> <\/div><!-- .entry-content end --><\/div><\/div><div class=\"col-12 col-sm-12 col-md-4 col-lg-4\"><div id=\"entry-293\" class=\"blog-entry post-293 post type-post status-publish format-standard has-post-thumbnail hentry category-sem-categoria\"> <div class=\"entry-img\"><a href =\"https:\/\/furlong.com.br\/pt_br\/inicio-processo-certificacao-oea\/\" title =\"In\u00edcio do processo de certifica\u00e7\u00e3o OEA\"><img src=\"https:\/\/furlong.com.br\/wp-content\/uploads\/2020\/06\/cert-oea-1.png\" class=\"img-fluid\" alt=\"In\u00edcio do processo de certifica\u00e7\u00e3o OEA\"><\/a><\/div><!-- .entry-img end --><div class=\"entry-content\"><div class=\"entry-date\">10 de junho de 2020<\/div><div class=\"entry-title\"> <h4><a href=\"https:\/\/furlong.com.br\/pt_br\/inicio-processo-certificacao-oea\/\">In\u00edcio do processo de certifica\u00e7\u00e3o OEA<\/a><\/h4><\/div><div class=\"entry-bio\"><p>Em setembro de 2019 a Furlong do Brasil iniciou o processo de certifica\u00e7\u00e3o OEA\u00a0 com a Consultoria da empresa Lira<\/p><\/div><div class=\"entry-more\"><a href=\"https:\/\/furlong.com.br\/pt_br\/inicio-processo-certificacao-oea\/\">Saiba mais<\/span><\/a><\/div> <\/div><!-- .entry-content end --><\/div><\/div><div class=\"col-12 col-sm-12 col-md-4 col-lg-4\"><div id=\"entry-277\" class=\"blog-entry post-277 post type-post status-publish format-standard has-post-thumbnail hentry category-sem-categoria\"> <div class=\"entry-img\"><a href =\"https:\/\/furlong.com.br\/pt_br\/inicio-processo-cerificacao-iso-14001\/\" title =\"In\u00edcio do processo de certifica\u00e7\u00e3o ISO 14001\"><img src=\"https:\/\/furlong.com.br\/wp-content\/uploads\/2020\/06\/cert-14001.png\" class=\"img-fluid\" alt=\"In\u00edcio do processo de certifica\u00e7\u00e3o ISO 14001\"><\/a><\/div><!-- .entry-img end --><div class=\"entry-content\"><div class=\"entry-date\">10 de junho de 2020<\/div><div class=\"entry-title\"> <h4><a href=\"https:\/\/furlong.com.br\/pt_br\/inicio-processo-cerificacao-iso-14001\/\">In\u00edcio do processo de certifica\u00e7\u00e3o ISO 14001<\/a><\/h4><\/div><div class=\"entry-bio\"><p>Em outubro de 2019\u00a0 a Furlong do Brasil iniciou o processo de certifica\u00e7\u00e3o ISO 14001 com a Consultoria da empresa<\/p><\/div><div class=\"entry-more\"><a href=\"https:\/\/furlong.com.br\/pt_br\/inicio-processo-cerificacao-iso-14001\/\">Saiba mais<\/span><\/a><\/div> <\/div><!-- .entry-content end --><\/div><\/div><div class=\"col-12 col-sm-12 col-md-4 col-lg-4\"><div id=\"entry-262\" class=\"blog-entry post-262 post type-post status-publish format-standard has-post-thumbnail hentry category-sem-categoria\"> <div class=\"entry-img\"><a href =\"https:\/\/furlong.com.br\/pt_br\/auditoria-manutencao-iso-9001\/\" title =\"Auditoria de Manuten\u00e7\u00e3o da ISO 9001\"><img src=\"https:\/\/furlong.com.br\/wp-content\/uploads\/2020\/06\/cert.9001.png\" class=\"img-fluid\" alt=\"Auditoria de Manuten\u00e7\u00e3o da ISO 9001\"><\/a><\/div><!-- .entry-img end --><div class=\"entry-content\"><div class=\"entry-date\">10 de junho de 2020<\/div><div class=\"entry-title\"> <h4><a href=\"https:\/\/furlong.com.br\/pt_br\/auditoria-manutencao-iso-9001\/\">Auditoria de Manuten\u00e7\u00e3o da ISO 9001<\/a><\/h4><\/div><div class=\"entry-bio\"><p>Em dezembro de 2019 a Furlong do Brasil obteve com sucesso a valida\u00e7\u00e3o da recertifica\u00e7\u00e3o da ISO 9001.<\/p><\/div><div class=\"entry-more\"><a href=\"https:\/\/furlong.com.br\/pt_br\/auditoria-manutencao-iso-9001\/\">Saiba mais<\/span><\/a><\/div> <\/div><!-- .entry-content end --><\/div><\/div><div class=\"col-12 col-sm-12 col-md-4 col-lg-4\"><div id=\"entry-272\" class=\"blog-entry post-272 post type-post status-publish format-standard has-post-thumbnail hentry category-sem-categoria\"> <div class=\"entry-img\"><a href =\"https:\/\/furlong.com.br\/pt_br\/invetimento-infraestrutura-ti-home-office\/\" title =\"Investimento em infraestrutura de TI para trabalho home office\"><img src=\"https:\/\/furlong.com.br\/wp-content\/uploads\/2020\/06\/TI.png\" class=\"img-fluid\" alt=\"Investimento em infraestrutura de TI para trabalho home office\"><\/a><\/div><!-- .entry-img end --><div class=\"entry-content\"><div class=\"entry-date\">10 de junho de 2020<\/div><div class=\"entry-title\"> <h4><a href=\"https:\/\/furlong.com.br\/pt_br\/invetimento-infraestrutura-ti-home-office\/\">Investimento em infraestrutura de TI para trabalho home<\/a><\/h4><\/div><div class=\"entry-bio\"><p>Em abril de 2020, a Furlong do Brasil investiu em um novo servidor para poder facilitar o trabalho home office<\/p><\/div><div class=\"entry-more\"><a href=\"https:\/\/furlong.com.br\/pt_br\/invetimento-infraestrutura-ti-home-office\/\">Saiba mais<\/span><\/a><\/div> <\/div><!-- .entry-content end --><\/div><\/div><div class=\"col-12 col-sm-12 col-md-4 col-lg-4\"><div id=\"entry-275\" class=\"blog-entry post-275 post type-post status-publish format-standard has-post-thumbnail hentry category-sem-categoria\"> <div class=\"entry-img\"><a href =\"https:\/\/furlong.com.br\/pt_br\/responsabilidade-social-acao-em-conjunto-paroquia-santo-antonio-batistini\/\" title =\"Responsabilidade Social \u2013 a\u00e7\u00e3o em conjunto com a Par\u00f3quia Santo Ant\u00f4nio do Bairro Batistini\"><img src=\"https:\/\/furlong.com.br\/wp-content\/uploads\/2020\/06\/resp-social.png\" class=\"img-fluid\" alt=\"Responsabilidade Social \u2013 a\u00e7\u00e3o em conjunto com a Par\u00f3quia Santo Ant\u00f4nio do Bairro Batistini\"><\/a><\/div><!-- .entry-img end --><div class=\"entry-content\"><div class=\"entry-date\">10 de junho de 2020<\/div><div class=\"entry-title\"> <h4><a href=\"https:\/\/furlong.com.br\/pt_br\/responsabilidade-social-acao-em-conjunto-paroquia-santo-antonio-batistini\/\">Responsabilidade Social \u2013 a\u00e7\u00e3o em conjunto com a<\/a><\/h4><\/div><div class=\"entry-bio\"><p>Em abril de 2020, a Furlong do Brasil realizou a primeira doa\u00e7\u00e3o de cestas b\u00e1sicas para fam\u00edlias carentes das comunidades\u00a0<\/p><\/div><div class=\"entry-more\"><a href=\"https:\/\/furlong.com.br\/pt_br\/responsabilidade-social-acao-em-conjunto-paroquia-santo-antonio-batistini\/\">Saiba mais<\/span><\/a><\/div> <\/div><!-- .entry-content end --><\/div><\/div><\/div><\/div>     \t    <\/div>\n\n                    <\/div>                \t\t\t\n    \t<\/div>\n        [\/vc_column][\/vc_row]<\/p>\n","protected":false},"excerpt":{"rendered":"<p>[vc_row full_width=&#8221;stretch_row_content_no_spaces&#8221; el_id=&#8221;titulo-pagina&#8221; css=&#8221;.vc_custom_1591902635563{background-image: url(http:\/\/furlong.com.br\/wp-content\/uploads\/2020\/06\/bg-header-comunicacao-corporativa.png?id=296) !important;background-position: center !important;background-repeat: no-repeat !important;background-size: cover !important;}&#8221;][vc_column][vc_row_inner][vc_column_inner width=&#8221;1\/3&#8243; offset=&#8221;vc_col-lg-offset-8&#8243;][vc_column_text el_class=&#8221;titulopaginatxt&#8221;] Comunica\u00e7\u00e3o Corporativa [\/vc_column_text][\/vc_column_inner][\/vc_row_inner][\/vc_column][\/vc_row][vc_row full_width=&#8221;stretch_row_content_no_spaces&#8221; el_id=&#8221;a-empresa&#8221; css=&#8221;.vc_custom_1591819256439{padding-top: 60px !important;padding-bottom: 60px !important;}&#8221;][vc_column width=&#8221;5\/6&#8243; offset=&#8221;vc_col-lg-offset-2&#8243; el_class=&#8221;postagens&#8221;][\/vc_column][\/vc_row]<\/p>\n","protected":false},"author":7,"featured_media":302,"parent":0,"menu_order":0,"comment_status":"closed","ping_status":"closed","template":"","meta":[],"_links":{"self":[{"href":"https:\/\/furlong.com.br\/pt_br\/wp-json\/wp\/v2\/pages\/260"}],"collection":[{"href":"https:\/\/furlong.com.br\/pt_br\/wp-json\/wp\/v2\/pages"}],"about":[{"href":"https:\/\/furlong.com.br\/pt_br\/wp-json\/wp\/v2\/types\/page"}],"author":[{"embeddable":true,"href":"https:\/\/furlong.com.br\/pt_br\/wp-json\/wp\/v2\/users\/7"}],"replies":[{"embeddable":true,"href":"https:\/\/furlong.com.br\/pt_br\/wp-json\/wp\/v2\/comments?post=260"}],"version-history":[{"count":7,"href":"https:\/\/furlong.com.br\/pt_br\/wp-json\/wp\/v2\/pages\/260\/revisions"}],"predecessor-version":[{"id":1176,"href":"https:\/\/furlong.com.br\/pt_br\/wp-json\/wp\/v2\/pages\/260\/revisions\/1176"}],"wp:featuredmedia":[{"embeddable":true,"href":"https:\/\/furlong.com.br\/pt_br\/wp-json\/wp\/v2\/media\/302"}],"wp:attachment":[{"href":"https:\/\/furlong.com.br\/pt_br\/wp-json\/wp\/v2\/media?parent=260"}],"curies":[{"name":"wp","href":"https:\/\/api.w.org\/{rel}","templated":true}]}}