{"id":335,"date":"2020-06-12T15:04:43","date_gmt":"2020-06-12T18:04:43","guid":{"rendered":"http:\/\/furlong.com.br\/?page_id=335"},"modified":"2020-12-08T20:28:05","modified_gmt":"2020-12-08T23:28:05","slug":"clientes","status":"publish","type":"page","link":"https:\/\/furlong.com.br\/pt_br\/clientes\/","title":{"rendered":"Clientes"},"content":{"rendered":"<p>[vc_row full_width=&#8221;stretch_row_content_no_spaces&#8221; el_id=&#8221;titulo-pagina&#8221; css=&#8221;.vc_custom_1591988062288{background-image: url(http:\/\/furlong.com.br\/wp-content\/uploads\/2020\/06\/bg-header-clientes.jpg?id=359) !important;background-position: center !important;background-repeat: no-repeat !important;background-size: cover !important;}&#8221;][vc_column][vc_row_inner][vc_column_inner width=&#8221;1\/3&#8243; offset=&#8221;vc_col-lg-offset-8&#8243;][vc_column_text el_class=&#8221;titulopaginatxt&#8221;]<\/p>\n<h2>Clientes<\/h2>\n<p>Confira quem s\u00e3o os clientes que confiam em nossos servi\u00e7os e que cresceram junto conosco.[\/vc_column_text][\/vc_column_inner][\/vc_row_inner][\/vc_column][\/vc_row][vc_row full_width=&#8221;stretch_row_content_no_spaces&#8221; el_id=&#8221;a-empresa&#8221; css=&#8221;.vc_custom_1591819256439{padding-top: 60px !important;padding-bottom: 60px !important;}&#8221;][vc_column width=&#8221;5\/6&#8243; offset=&#8221;vc_col-lg-offset-2&#8243;][vc_row_inner el_class=&#8221;contentxt&#8221; css=&#8221;.vc_custom_1591823822093{padding-bottom: 80px !important;}&#8221;][vc_column_inner width=&#8221;1\/2&#8243;][vc_column_text el_class=&#8221;aempresatxt esquerda&#8221;]<\/p>\n<h2>Mais de 28 anos de hist\u00f3ria no Brasil<\/h2>\n<p>Trabalhamos com clientes que desde 1992 aprovam a nossa qualidade.<br \/>\nS\u00e3o clientes de grande, m\u00e9dio e pequeno porte que confiam em n\u00f3s para realizar trabalhos que v\u00e3o desde roteiriza\u00e7\u00e3o at\u00e9 armazenamento, passando por transporte nacional e internacional:[\/vc_column_text][\/vc_column_inner][\/vc_row_inner][vc_row_inner equal_height=&#8221;yes&#8221; gap=&#8221;15&#8243; el_class=&#8221;galclientes&#8221;][vc_column_inner width=&#8221;1\/4&#8243;][vc_single_image image=&#8221;367&#8243; img_size=&#8221;full&#8221; alignment=&#8221;center&#8221; el_class=&#8221;galcliente&#8221;][\/vc_column_inner][vc_column_inner width=&#8221;1\/4&#8243;][vc_single_image image=&#8221;1184&#8243; img_size=&#8221;full&#8221; alignment=&#8221;center&#8221; el_class=&#8221;galcliente&#8221;][\/vc_column_inner][vc_column_inner width=&#8221;1\/4&#8243;][vc_single_image image=&#8221;1186&#8243; img_size=&#8221;full&#8221; alignment=&#8221;center&#8221; el_class=&#8221;galcliente&#8221;][\/vc_column_inner][vc_column_inner width=&#8221;1\/4&#8243;][vc_single_image image=&#8221;1188&#8243; img_size=&#8221;full&#8221; alignment=&#8221;center&#8221; el_class=&#8221;galcliente&#8221;][\/vc_column_inner][\/vc_row_inner][vc_row_inner gap=&#8221;15&#8243; el_class=&#8221;galclientes&#8221;][vc_column_inner width=&#8221;1\/4&#8243;][vc_single_image image=&#8221;1321&#8243; img_size=&#8221;full&#8221; alignment=&#8221;center&#8221; el_class=&#8221;galcliente&#8221;][\/vc_column_inner][vc_column_inner width=&#8221;1\/4&#8243;][vc_single_image image=&#8221;1195&#8243; img_size=&#8221;full&#8221; alignment=&#8221;center&#8221; el_class=&#8221;galcliente&#8221;][\/vc_column_inner][vc_column_inner width=&#8221;1\/4&#8243;][vc_single_image image=&#8221;1189&#8243; img_size=&#8221;full&#8221; alignment=&#8221;center&#8221; el_class=&#8221;galcliente&#8221;][\/vc_column_inner][vc_column_inner width=&#8221;1\/4&#8243;][vc_single_image image=&#8221;364&#8243; img_size=&#8221;full&#8221; alignment=&#8221;center&#8221; el_class=&#8221;galcliente&#8221;][\/vc_column_inner][\/vc_row_inner][\/vc_column][\/vc_row]<\/p>\n","protected":false},"excerpt":{"rendered":"<p>[vc_row full_width=&#8221;stretch_row_content_no_spaces&#8221; el_id=&#8221;titulo-pagina&#8221; css=&#8221;.vc_custom_1591988062288{background-image: url(http:\/\/furlong.com.br\/wp-content\/uploads\/2020\/06\/bg-header-clientes.jpg?id=359) !important;background-position: center !important;background-repeat: no-repeat !important;background-size: cover !important;}&#8221;][vc_column][vc_row_inner][vc_column_inner width=&#8221;1\/3&#8243; offset=&#8221;vc_col-lg-offset-8&#8243;][vc_column_text el_class=&#8221;titulopaginatxt&#8221;] Clientes Confira quem s\u00e3o os clientes que confiam em nossos servi\u00e7os e que cresceram junto conosco.[\/vc_column_text][\/vc_column_inner][\/vc_row_inner][\/vc_column][\/vc_row][vc_row full_width=&#8221;stretch_row_content_no_spaces&#8221; el_id=&#8221;a-empresa&#8221; css=&#8221;.vc_custom_1591819256439{padding-top: 60px !important;padding-bottom: 60px !important;}&#8221;][vc_column width=&#8221;5\/6&#8243; offset=&#8221;vc_col-lg-offset-2&#8243;][vc_row_inner el_class=&#8221;contentxt&#8221; css=&#8221;.vc_custom_1591823822093{padding-bottom: 80px !important;}&#8221;][vc_column_inner width=&#8221;1\/2&#8243;][vc_column_text el_class=&#8221;aempresatxt esquerda&#8221;] Mais de 28 anos de hist\u00f3ria no Brasil [&hellip;]<\/p>\n","protected":false},"author":7,"featured_media":0,"parent":0,"menu_order":0,"comment_status":"closed","ping_status":"open","template":"","meta":[],"_links":{"self":[{"href":"https:\/\/furlong.com.br\/pt_br\/wp-json\/wp\/v2\/pages\/335"}],"collection":[{"href":"https:\/\/furlong.com.br\/pt_br\/wp-json\/wp\/v2\/pages"}],"about":[{"href":"https:\/\/furlong.com.br\/pt_br\/wp-json\/wp\/v2\/types\/page"}],"author":[{"embeddable":true,"href":"https:\/\/furlong.com.br\/pt_br\/wp-json\/wp\/v2\/users\/7"}],"replies":[{"embeddable":true,"href":"https:\/\/furlong.com.br\/pt_br\/wp-json\/wp\/v2\/comments?post=335"}],"version-history":[{"count":25,"href":"https:\/\/furlong.com.br\/pt_br\/wp-json\/wp\/v2\/pages\/335\/revisions"}],"predecessor-version":[{"id":1322,"href":"https:\/\/furlong.com.br\/pt_br\/wp-json\/wp\/v2\/pages\/335\/revisions\/1322"}],"wp:attachment":[{"href":"https:\/\/furlong.com.br\/pt_br\/wp-json\/wp\/v2\/media?parent=335"}],"curies":[{"name":"wp","href":"https:\/\/api.w.org\/{rel}","templated":true}]}}