{"id":427,"date":"2020-06-14T11:40:46","date_gmt":"2020-06-14T14:40:46","guid":{"rendered":"http:\/\/furlong.com.br\/?page_id=427"},"modified":"2020-12-08T20:22:20","modified_gmt":"2020-12-08T23:22:20","slug":"transporte","status":"publish","type":"page","link":"https:\/\/furlong.com.br\/pt_br\/servicos\/transporte\/","title":{"rendered":"Transporte"},"content":{"rendered":"<p>[vc_row full_width=&#8221;stretch_row_content_no_spaces&#8221; el_id=&#8221;titulo-pagina&#8221; css=&#8221;.vc_custom_1592145492275{background-image: url(http:\/\/furlong.com.br\/wp-content\/uploads\/2020\/06\/bg-transporte.jpg?id=428) !important;background-position: center !important;background-repeat: no-repeat !important;background-size: cover !important;}&#8221;][vc_column][vc_row_inner][vc_column_inner width=&#8221;5\/12&#8243; offset=&#8221;vc_col-lg-offset-7&#8243;][vc_column_text el_class=&#8221;titulopaginatxt&#8221;]<\/p>\n<h2 style=\"text-align: right;\">Transporte<\/h2>\n<p style=\"text-align: right;\">A Furlong tem uma grande experi\u00eancia em transporte Internacional e Nacional.<br \/>\nO servi\u00e7o de transporte \u00e9 realizado de acordo com as necessidades espec\u00edficas de cada demanda.<\/p>\n<p>[\/vc_column_text][\/vc_column_inner][\/vc_row_inner][\/vc_column][\/vc_row][vc_row full_width=&#8221;stretch_row_content_no_spaces&#8221; el_id=&#8221;a-empresa&#8221; css=&#8221;.vc_custom_1591819256439{padding-top: 60px !important;padding-bottom: 60px !important;}&#8221;][vc_column width=&#8221;5\/6&#8243; offset=&#8221;vc_col-lg-offset-2&#8243;][vc_row_inner el_class=&#8221;contentxt&#8221;][vc_column_inner width=&#8221;1\/2&#8243;][vc_column_text el_class=&#8221;aempresatxt esquerda&#8221;]<\/p>\n<h2>A Furlong presta servi\u00e7os na \u00e1rea de transportes nos seguintes setores:<\/h2>\n<p>[\/vc_column_text][\/vc_column_inner][\/vc_row_inner][vc_row_inner el_class=&#8221;contentxt&#8221; css=&#8221;.vc_custom_1591823822093{padding-bottom: 80px !important;}&#8221;][vc_column_inner width=&#8221;1\/2&#8243;][vc_column_text el_class=&#8221;aempresatxt esquerda&#8221;]A Furlong presta servi\u00e7os de transporte rodovi\u00e1rio internacional e transporte nacional. O servi\u00e7o de transporte \u00e9 realizado com as exig\u00eancias espec\u00edficas de cada cliente. A Furlong utiliza equipamentos que foram projetados visando a adequa\u00e7\u00e3o e necessidade de nossos clientes. A Furlong oferece m\u00e1xima seguran\u00e7a,\u00a0 qualidade e agilidade em nossas opera\u00e7\u00f5es.<\/p>\n<p>No transporte mar\u00edtimo, mantemos um bom relacionamento com as autoridades portu\u00e1rias e administra\u00e7\u00e3o geral dos portos. Assim, conseguimos um melhor controle sobre as unidades estocadas.[\/vc_column_text][\/vc_column_inner][vc_column_inner width=&#8221;1\/2&#8243;][vc_column_text el_class=&#8221;aempresatxt esquerda&#8221;]Atrav\u00e9s da nossa experi\u00eancia em opera\u00e7\u00f5es de portos, executamos as seguintes tarefas:<\/p>\n<ul>\n<li>Opera\u00e7\u00f5es de exporta\u00e7\u00e3o &#8211; recep\u00e7\u00e3o, inspe\u00e7\u00e3o pr\u00e9-exporta\u00e7\u00e3o, supervis\u00e3o de servi\u00e7os de estiva de embarque e todas as rotinas de desembara\u00e7o aduaneiro.<\/li>\n<li>Opera\u00e7\u00f5es de importa\u00e7\u00e3o &#8211; recep\u00e7\u00e3o nos navios, inspe\u00e7\u00e3o de recebimento, supervis\u00e3o de servi\u00e7os de estiva, desembara\u00e7o aduaneiro, controle de estocagem e carregamento.<\/li>\n<\/ul>\n<p>[\/vc_column_text][\/vc_column_inner][\/vc_row_inner][\/vc_column][\/vc_row][vc_row full_width=&#8221;stretch_row_content_no_spaces&#8221; css=&#8221;.vc_custom_1592146575010{background-image: url(http:\/\/furlong.com.br\/wp-content\/uploads\/2020\/06\/bg-transporte2.jpg?id=429) !important;}&#8221; el_id=&#8221;rse&#8221;][vc_column width=&#8221;5\/6&#8243; offset=&#8221;vc_col-lg-offset-2&#8243;][vc_row_inner][vc_column_inner][vc_column_text el_class=&#8221;rsetxt&#8221;]<img loading=\"lazy\" class=\"alignnone size-full wp-image-433 aligncenter\" src=\"http:\/\/furlong.com.br\/wp-content\/uploads\/2020\/06\/transporte.png\" alt=\"\" width=\"131\" height=\"42\" \/><\/p>\n<h2 style=\"text-align: center;\">Servi\u00e7os de transporte<\/h2>\n<p style=\"text-align: center;\">A Furlong presta servi\u00e7os transporte rodovi\u00e1rio e mar\u00edtimo, Nacional e Internacional para Cargas Gerais e Autom\u00f3veis<\/p>\n<p>[\/vc_column_text][\/vc_column_inner][\/vc_row_inner][vc_row_inner el_class=&#8221;servlinks&#8221; css=&#8221;.vc_custom_1592149100763{margin-top: 35px !important;}&#8221;][vc_column_inner width=&#8221;1\/2&#8243;][vc_column_text el_class=&#8221;servlink&#8221;]<\/p>\n<h3>Transporte<br \/>\nNacional<\/h3>\n<p><a href=\"http:\/\/furlong.com.br\/servicos\/transporte\/transporte-nacional\/\">Clique e Saiba mais<\/a>[\/vc_column_text][\/vc_column_inner][vc_column_inner width=&#8221;1\/2&#8243;][vc_column_text el_class=&#8221;servlink direita&#8221;]<\/p>\n<h3>Transporte<br \/>\ninternacional<\/h3>\n<p><a href=\"http:\/\/furlong.com.br\/servicos\/transporte\/transporte-internacional\/\">Clique e Saiba mais<\/a>[\/vc_column_text][\/vc_column_inner][\/vc_row_inner][\/vc_column][\/vc_row]<\/p>\n","protected":false},"excerpt":{"rendered":"<p>[vc_row full_width=&#8221;stretch_row_content_no_spaces&#8221; el_id=&#8221;titulo-pagina&#8221; css=&#8221;.vc_custom_1592145492275{background-image: url(http:\/\/furlong.com.br\/wp-content\/uploads\/2020\/06\/bg-transporte.jpg?id=428) !important;background-position: center !important;background-repeat: no-repeat !important;background-size: cover !important;}&#8221;][vc_column][vc_row_inner][vc_column_inner width=&#8221;5\/12&#8243; offset=&#8221;vc_col-lg-offset-7&#8243;][vc_column_text el_class=&#8221;titulopaginatxt&#8221;] Transporte A Furlong tem uma grande experi\u00eancia em transporte Internacional e Nacional. O servi\u00e7o de transporte \u00e9 realizado de acordo com as necessidades espec\u00edficas de cada demanda. [\/vc_column_text][\/vc_column_inner][\/vc_row_inner][\/vc_column][\/vc_row][vc_row full_width=&#8221;stretch_row_content_no_spaces&#8221; el_id=&#8221;a-empresa&#8221; css=&#8221;.vc_custom_1591819256439{padding-top: 60px !important;padding-bottom: 60px !important;}&#8221;][vc_column width=&#8221;5\/6&#8243; offset=&#8221;vc_col-lg-offset-2&#8243;][vc_row_inner el_class=&#8221;contentxt&#8221;][vc_column_inner width=&#8221;1\/2&#8243;][vc_column_text el_class=&#8221;aempresatxt [&hellip;]<\/p>\n","protected":false},"author":7,"featured_media":0,"parent":203,"menu_order":0,"comment_status":"closed","ping_status":"open","template":"","meta":[],"_links":{"self":[{"href":"https:\/\/furlong.com.br\/pt_br\/wp-json\/wp\/v2\/pages\/427"}],"collection":[{"href":"https:\/\/furlong.com.br\/pt_br\/wp-json\/wp\/v2\/pages"}],"about":[{"href":"https:\/\/furlong.com.br\/pt_br\/wp-json\/wp\/v2\/types\/page"}],"author":[{"embeddable":true,"href":"https:\/\/furlong.com.br\/pt_br\/wp-json\/wp\/v2\/users\/7"}],"replies":[{"embeddable":true,"href":"https:\/\/furlong.com.br\/pt_br\/wp-json\/wp\/v2\/comments?post=427"}],"version-history":[{"count":5,"href":"https:\/\/furlong.com.br\/pt_br\/wp-json\/wp\/v2\/pages\/427\/revisions"}],"predecessor-version":[{"id":1085,"href":"https:\/\/furlong.com.br\/pt_br\/wp-json\/wp\/v2\/pages\/427\/revisions\/1085"}],"up":[{"embeddable":true,"href":"https:\/\/furlong.com.br\/pt_br\/wp-json\/wp\/v2\/pages\/203"}],"wp:attachment":[{"href":"https:\/\/furlong.com.br\/pt_br\/wp-json\/wp\/v2\/media?parent=427"}],"curies":[{"name":"wp","href":"https:\/\/api.w.org\/{rel}","templated":true}]}}