{"id":448,"date":"2020-06-14T13:44:20","date_gmt":"2020-06-14T16:44:20","guid":{"rendered":"http:\/\/furlong.com.br\/?page_id=448"},"modified":"2023-04-05T10:30:35","modified_gmt":"2023-04-05T13:30:35","slug":"logistica-aduaneira-2","status":"publish","type":"page","link":"https:\/\/furlong.com.br\/pt_br\/servicos\/logistica-aduaneira-2\/","title":{"rendered":"Log\u00edstica Aduaneira"},"content":{"rendered":"<p>[vc_row full_width=&#8221;stretch_row_content_no_spaces&#8221; el_id=&#8221;titulo-pagina&#8221; css=&#8221;.vc_custom_1592152983752{background-image: url(http:\/\/furlong.com.br\/wp-content\/uploads\/2020\/06\/bg-la-header.jpg?id=449) !important;background-position: center !important;background-repeat: no-repeat !important;background-size: cover !important;}&#8221;][vc_column][vc_row_inner][vc_column_inner width=&#8221;5\/12&#8243; offset=&#8221;vc_col-lg-offset-7&#8243;][vc_column_text el_class=&#8221;titulopaginatxt&#8221;]<\/p>\n<h2 style=\"text-align: right;\">Log\u00edstica Aduaneira<\/h2>\n<p style=\"text-align: right;\">A log\u00edstica aduaneira requer uma s\u00e9rie de cumprimentos de exig\u00eancias. Atrav\u00e9s da nossa vasta experi\u00eancia, conseguimos garantir que cada etapa seja planejada e executada com precis\u00e3o e agilidade.<\/p>\n<p>[\/vc_column_text][\/vc_column_inner][\/vc_row_inner][\/vc_column][\/vc_row][vc_row full_width=&#8221;stretch_row_content_no_spaces&#8221; el_id=&#8221;a-empresa&#8221; css=&#8221;.vc_custom_1591819256439{padding-top: 60px !important;padding-bottom: 60px !important;}&#8221;][vc_column width=&#8221;5\/6&#8243; offset=&#8221;vc_col-lg-offset-2&#8243;][vc_row_inner el_class=&#8221;contentxt&#8221;][vc_column_inner width=&#8221;7\/12&#8243;][vc_column_text el_class=&#8221;aempresatxt esquerda&#8221;]<\/p>\n<h2>Os servi\u00e7os que prestamos na \u00e1rea de log\u00edstica Aduaneira s\u00e3o:<\/h2>\n<p>[\/vc_column_text][\/vc_column_inner][\/vc_row_inner][vc_row_inner el_class=&#8221;contentxt&#8221; css=&#8221;.vc_custom_1591823822093{padding-bottom: 80px !important;}&#8221;][vc_column_inner width=&#8221;1\/2&#8243;][vc_column_text el_class=&#8221;aempresatxt esquerda&#8221;]Atrav\u00e9s da nossa experi\u00eancia com opera\u00e7\u00f5es portu\u00e1rias, desenvolvemos no Porto de Santos, mais precisamente na Margem Direita e Ilha Barnab\u00e9, um trabalho de controle de estoque que elevou o n\u00edvel de qualidade dos servi\u00e7os. Mantemos controle sobre as unidades estocadas, o que eliminou problemas como furtos e avarias.<\/p>\n<p>Na log\u00edstica de transporte mar\u00edtimo, trabalhamos com navios subcontratados e dedicados. Nos \u00faltimos anos, trabalhamos com companhias nacionais e internacionais como: Grimaldi, K-Line, Hyundai Merchant Marine CO., Global Transporte Oce\u00e2nico. Nosac Inc., NYK-Line, Ferry Lineas e PCC.[\/vc_column_text][\/vc_column_inner][vc_column_inner width=&#8221;1\/2&#8243;][vc_column_text el_class=&#8221;aempresatxt esquerda&#8221;]Al\u00e9m disso, desenvolvemos um sistema de transporte de documenta\u00e7\u00e3o e antecipa\u00e7\u00e3o da mesma, para desembara\u00e7o de ve\u00edculos de exporta\u00e7\u00e3o e importa\u00e7\u00e3o, que junto aos servi\u00e7os de despachantes, com experi\u00eancia comprovada, proporcionam uma libera\u00e7\u00e3o imediata dos ve\u00edculos.<\/p>\n<p>Esta agilidade \u00e9 a caracter\u00edstica de nossas opera\u00e7\u00f5es no desembara\u00e7o de cargas em \u00e1reas portu\u00e1rias.[\/vc_column_text][\/vc_column_inner][\/vc_row_inner][\/vc_column][\/vc_row][vc_row full_width=&#8221;stretch_row_content_no_spaces&#8221; css=&#8221;.vc_custom_1592153057974{background-image: url(http:\/\/furlong.com.br\/wp-content\/uploads\/2020\/06\/vg2.jpg?id=450) !important;}&#8221; el_id=&#8221;rse&#8221;][vc_column width=&#8221;5\/6&#8243; offset=&#8221;vc_col-lg-offset-2&#8243;][vc_row_inner][vc_column_inner][vc_column_text el_class=&#8221;rsetxt&#8221;]<img loading=\"lazy\" class=\"wp-image-446 size-full aligncenter\" src=\"http:\/\/furlong.com.br\/wp-content\/uploads\/2020\/06\/noun_warehouse_1938587.png\" alt=\"\" width=\"59\" height=\"52\" \/><\/p>\n<h2 style=\"text-align: center;\">Log\u00edstica Aduaneira<\/h2>\n<p style=\"text-align: center;\">A Furlong desenvolveu um servi\u00e7o de log\u00edstica aduaneira para importa\u00e7\u00e3o e exporta\u00e7\u00e3o que minimiza os tempos dos clientes<\/p>\n<p>[\/vc_column_text][\/vc_column_inner][\/vc_row_inner][vc_row_inner el_class=&#8221;servlinks&#8221; css=&#8221;.vc_custom_1592149100763{margin-top: 35px !important;}&#8221;][vc_column_inner width=&#8221;1\/2&#8243;][vc_column_text el_class=&#8221;servlink&#8221;]<\/p>\n<h3>Servi\u00e7os de<br \/>\nLog\u00edstica<br \/>\naduaneira<\/h3>\n<p><a href=\"http:\/\/furlong.com.br\/servicos\/logistica-aduaneira-2\/logistica-aduaneira\/\">Clique e Saiba mais<\/a>[\/vc_column_text][\/vc_column_inner][\/vc_row_inner][\/vc_column][\/vc_row]<\/p>\n","protected":false},"excerpt":{"rendered":"<p>[vc_row full_width=&#8221;stretch_row_content_no_spaces&#8221; el_id=&#8221;titulo-pagina&#8221; css=&#8221;.vc_custom_1592152983752{background-image: url(http:\/\/furlong.com.br\/wp-content\/uploads\/2020\/06\/bg-la-header.jpg?id=449) !important;background-position: center !important;background-repeat: no-repeat !important;background-size: cover !important;}&#8221;][vc_column][vc_row_inner][vc_column_inner width=&#8221;5\/12&#8243; offset=&#8221;vc_col-lg-offset-7&#8243;][vc_column_text el_class=&#8221;titulopaginatxt&#8221;] Log\u00edstica Aduaneira A log\u00edstica aduaneira requer uma s\u00e9rie de cumprimentos de exig\u00eancias. Atrav\u00e9s da nossa vasta experi\u00eancia, conseguimos garantir que cada etapa seja planejada e executada com precis\u00e3o e agilidade. [\/vc_column_text][\/vc_column_inner][\/vc_row_inner][\/vc_column][\/vc_row][vc_row full_width=&#8221;stretch_row_content_no_spaces&#8221; el_id=&#8221;a-empresa&#8221; css=&#8221;.vc_custom_1591819256439{padding-top: 60px !important;padding-bottom: 60px !important;}&#8221;][vc_column width=&#8221;5\/6&#8243; offset=&#8221;vc_col-lg-offset-2&#8243;][vc_row_inner [&hellip;]<\/p>\n","protected":false},"author":7,"featured_media":0,"parent":203,"menu_order":0,"comment_status":"closed","ping_status":"open","template":"","meta":[],"_links":{"self":[{"href":"https:\/\/furlong.com.br\/pt_br\/wp-json\/wp\/v2\/pages\/448"}],"collection":[{"href":"https:\/\/furlong.com.br\/pt_br\/wp-json\/wp\/v2\/pages"}],"about":[{"href":"https:\/\/furlong.com.br\/pt_br\/wp-json\/wp\/v2\/types\/page"}],"author":[{"embeddable":true,"href":"https:\/\/furlong.com.br\/pt_br\/wp-json\/wp\/v2\/users\/7"}],"replies":[{"embeddable":true,"href":"https:\/\/furlong.com.br\/pt_br\/wp-json\/wp\/v2\/comments?post=448"}],"version-history":[{"count":2,"href":"https:\/\/furlong.com.br\/pt_br\/wp-json\/wp\/v2\/pages\/448\/revisions"}],"predecessor-version":[{"id":1901,"href":"https:\/\/furlong.com.br\/pt_br\/wp-json\/wp\/v2\/pages\/448\/revisions\/1901"}],"up":[{"embeddable":true,"href":"https:\/\/furlong.com.br\/pt_br\/wp-json\/wp\/v2\/pages\/203"}],"wp:attachment":[{"href":"https:\/\/furlong.com.br\/pt_br\/wp-json\/wp\/v2\/media?parent=448"}],"curies":[{"name":"wp","href":"https:\/\/api.w.org\/{rel}","templated":true}]}}