{"id":470,"date":"2020-06-14T16:03:18","date_gmt":"2020-06-14T19:03:18","guid":{"rendered":"http:\/\/furlong.com.br\/?page_id=470"},"modified":"2020-12-08T20:25:40","modified_gmt":"2020-12-08T23:25:40","slug":"transporte-internacional","status":"publish","type":"page","link":"https:\/\/furlong.com.br\/pt_br\/servicos\/transporte\/transporte-internacional\/","title":{"rendered":"Transporte Internacional"},"content":{"rendered":"<p>[vc_row full_width=&#8221;stretch_row_content_no_spaces&#8221; el_id=&#8221;titulo-pagina&#8221; css=&#8221;.vc_custom_1592145492275{background-image: url(http:\/\/furlong.com.br\/wp-content\/uploads\/2020\/06\/bg-transporte.jpg?id=428) !important;background-position: center !important;background-repeat: no-repeat !important;background-size: cover !important;}&#8221;][vc_column width=&#8221;5\/6&#8243; offset=&#8221;vc_col-lg-offset-2&#8243;][vc_row_inner el_class=&#8221;containerhead&#8221; css=&#8221;.vc_custom_1592161485697{margin-bottom: 50px !important;}&#8221;][vc_column_inner width=&#8221;5\/12&#8243;][vc_column_text el_class=&#8221;rsetxt&#8221;]<\/p>\n<h2><img loading=\"lazy\" class=\"size-full wp-image-433 alignleft\" src=\"http:\/\/furlong.com.br\/wp-content\/uploads\/2020\/06\/transporte.png\" alt=\"\" width=\"131\" height=\"42\" \/> Servi\u00e7os de transporte<\/h2>\n<p>[\/vc_column_text][\/vc_column_inner][vc_column_inner width=&#8221;7\/12&#8243;][vc_column_text el_class=&#8221;headerred&#8221;]<\/p>\n<h2>Transporte<br \/>\nInternacional<\/h2>\n<p>[\/vc_column_text][\/vc_column_inner][\/vc_row_inner][vc_row_inner el_class=&#8221;containerhead&#8221;][vc_column_inner width=&#8221;1\/4&#8243;][vc_column_text el_class=&#8221;breadcrumb1&#8243;]Outros servi\u00e7os<br \/>\nde transporte:[\/vc_column_text][\/vc_column_inner][vc_column_inner width=&#8221;2\/3&#8243;][vc_column_text el_class=&#8221;breadcrumb2&#8243;]<a href=\"http:\/\/furlong.com.br\/servicos\/transporte\/transporte-nacional\/\">Transporte Nacional<\/a>[\/vc_column_text][\/vc_column_inner][\/vc_row_inner][\/vc_column][\/vc_row][vc_row full_width=&#8221;stretch_row_content_no_spaces&#8221; el_id=&#8221;a-empresa&#8221; css=&#8221;.vc_custom_1591819256439{padding-top: 60px !important;padding-bottom: 60px !important;}&#8221;][vc_column width=&#8221;5\/6&#8243; offset=&#8221;vc_col-lg-offset-2&#8243;][vc_row_inner el_class=&#8221;contentxt&#8221; css=&#8221;.vc_custom_1592161441090{margin-bottom: 50px !important;}&#8221;][vc_column_inner width=&#8221;1\/2&#8243;][vc_column_text el_class=&#8221;aempresatxt esquerda&#8221;]<\/p>\n<h2>Transporte de<br \/>\nCargas Gerais<\/h2>\n<p>[\/vc_column_text][vc_column_text el_class=&#8221;aempresatxt esquerda&#8221;]A Transportes Furlong do Brasil, realiza mais de 400 viagens internacionais por m\u00eas para as principais montadoras e empresas de consumo massivo do Brasil.[\/vc_column_text][\/vc_column_inner][vc_column_inner width=&#8221;1\/2&#8243;][vc_column_text el_class=&#8221;aempresatxt esquerda&#8221; css=&#8221;.vc_custom_1605733287117{margin-bottom: 50px !important;}&#8221;]<\/p>\n<h2>Transporte Mar\u00edtimo<\/h2>\n<p>A Furlong do Brasil tem uma log\u00edstica de transporte mar\u00edtimo com a utiliza\u00e7\u00e3o de navios subcontratados e dedicados. Nos \u00faltimos anos o trabalho vem sendo desenvolvido com companhias nacionais e internacionais como: Grimaldi, K-Line, Hyundai Merchant Marine CO., Global Transporte Oce\u00e2nico, Nosac Inc., NYK-Linem Ferry Lineas, PCC.[\/vc_column_text][\/vc_column_inner][\/vc_row_inner][vc_row_inner el_class=&#8221;contentxt&#8221; css=&#8221;.vc_custom_1591823822093{padding-bottom: 80px !important;}&#8221;][vc_column_inner width=&#8221;1\/2&#8243;][vc_column_text el_class=&#8221;aempresatxt esquerda&#8221;]<\/p>\n<h2>Transporte de<br \/>\nVe\u00edculos<\/h2>\n<p>[\/vc_column_text][vc_column_text el_class=&#8221;aempresatxt esquerda&#8221;]A Furlong do Brasil executa transporte de ve\u00edculos, por via rodovi\u00e1ria, a n\u00edvel internacional Para isto conta com equipamentos adequados \u00e0s medidas padronizadas pela Mercosul Os equipamentos utilizados pela Furlong do Brasil nas opera\u00e7\u00f5es de carga, descarga e transporte de ve\u00edculos, foram projetados visando a adequa\u00e7\u00e3o e as necessidades espec\u00edficas de nossos clientes.<br \/>\nOferecendo portanto, o m\u00e1ximo em seguran\u00e7a e qualidade, al\u00e9m da agilidade exigida nessas opera\u00e7\u00f5es.[\/vc_column_text][\/vc_column_inner][\/vc_row_inner][\/vc_column][\/vc_row]<\/p>\n","protected":false},"excerpt":{"rendered":"<p>[vc_row full_width=&#8221;stretch_row_content_no_spaces&#8221; el_id=&#8221;titulo-pagina&#8221; css=&#8221;.vc_custom_1592145492275{background-image: url(http:\/\/furlong.com.br\/wp-content\/uploads\/2020\/06\/bg-transporte.jpg?id=428) !important;background-position: center !important;background-repeat: no-repeat !important;background-size: cover !important;}&#8221;][vc_column width=&#8221;5\/6&#8243; offset=&#8221;vc_col-lg-offset-2&#8243;][vc_row_inner el_class=&#8221;containerhead&#8221; css=&#8221;.vc_custom_1592161485697{margin-bottom: 50px !important;}&#8221;][vc_column_inner width=&#8221;5\/12&#8243;][vc_column_text el_class=&#8221;rsetxt&#8221;] Servi\u00e7os de transporte [\/vc_column_text][\/vc_column_inner][vc_column_inner width=&#8221;7\/12&#8243;][vc_column_text el_class=&#8221;headerred&#8221;] Transporte Internacional [\/vc_column_text][\/vc_column_inner][\/vc_row_inner][vc_row_inner el_class=&#8221;containerhead&#8221;][vc_column_inner width=&#8221;1\/4&#8243;][vc_column_text el_class=&#8221;breadcrumb1&#8243;]Outros servi\u00e7os de transporte:[\/vc_column_text][\/vc_column_inner][vc_column_inner width=&#8221;2\/3&#8243;][vc_column_text el_class=&#8221;breadcrumb2&#8243;]Transporte Nacional[\/vc_column_text][\/vc_column_inner][\/vc_row_inner][\/vc_column][\/vc_row][vc_row full_width=&#8221;stretch_row_content_no_spaces&#8221; el_id=&#8221;a-empresa&#8221; css=&#8221;.vc_custom_1591819256439{padding-top: 60px !important;padding-bottom: 60px !important;}&#8221;][vc_column width=&#8221;5\/6&#8243; offset=&#8221;vc_col-lg-offset-2&#8243;][vc_row_inner el_class=&#8221;contentxt&#8221; css=&#8221;.vc_custom_1592161441090{margin-bottom: 50px !important;}&#8221;][vc_column_inner width=&#8221;1\/2&#8243;][vc_column_text el_class=&#8221;aempresatxt esquerda&#8221;] Transporte [&hellip;]<\/p>\n","protected":false},"author":7,"featured_media":0,"parent":427,"menu_order":0,"comment_status":"closed","ping_status":"open","template":"","meta":[],"_links":{"self":[{"href":"https:\/\/furlong.com.br\/pt_br\/wp-json\/wp\/v2\/pages\/470"}],"collection":[{"href":"https:\/\/furlong.com.br\/pt_br\/wp-json\/wp\/v2\/pages"}],"about":[{"href":"https:\/\/furlong.com.br\/pt_br\/wp-json\/wp\/v2\/types\/page"}],"author":[{"embeddable":true,"href":"https:\/\/furlong.com.br\/pt_br\/wp-json\/wp\/v2\/users\/7"}],"replies":[{"embeddable":true,"href":"https:\/\/furlong.com.br\/pt_br\/wp-json\/wp\/v2\/comments?post=470"}],"version-history":[{"count":3,"href":"https:\/\/furlong.com.br\/pt_br\/wp-json\/wp\/v2\/pages\/470\/revisions"}],"predecessor-version":[{"id":1089,"href":"https:\/\/furlong.com.br\/pt_br\/wp-json\/wp\/v2\/pages\/470\/revisions\/1089"}],"up":[{"embeddable":true,"href":"https:\/\/furlong.com.br\/pt_br\/wp-json\/wp\/v2\/pages\/427"}],"wp:attachment":[{"href":"https:\/\/furlong.com.br\/pt_br\/wp-json\/wp\/v2\/media?parent=470"}],"curies":[{"name":"wp","href":"https:\/\/api.w.org\/{rel}","templated":true}]}}