{"id":477,"date":"2020-06-14T16:23:57","date_gmt":"2020-06-14T19:23:57","guid":{"rendered":"http:\/\/furlong.com.br\/?page_id=477"},"modified":"2023-04-12T09:39:41","modified_gmt":"2023-04-12T12:39:41","slug":"logistica-de-portuaria","status":"publish","type":"page","link":"https:\/\/furlong.com.br\/pt_br\/servicos\/servicos-de-logistica-2\/logistica-de-portuaria\/","title":{"rendered":"Log\u00edstica de Portu\u00e1ria"},"content":{"rendered":"<p>[vc_row full_width=&#8221;stretch_row_content_no_spaces&#8221; el_id=&#8221;titulo-pagina&#8221; css=&#8221;.vc_custom_1594070448183{background-image: url(http:\/\/furlong.com.br\/wp-content\/uploads\/2020\/07\/header-portuaria-1.jpg?id=680) !important;background-position: center !important;background-repeat: no-repeat !important;background-size: cover !important;}&#8221;][vc_column width=&#8221;5\/6&#8243; offset=&#8221;vc_col-lg-offset-2&#8243;][vc_row_inner el_class=&#8221;containerhead&#8221; css=&#8221;.vc_custom_1592160260896{margin-bottom: 45px !important;}&#8221;][vc_column_inner width=&#8221;5\/12&#8243;][vc_column_text el_class=&#8221;rsetxt&#8221;]<\/p>\n<h2><img loading=\"lazy\" class=\"wp-image-446 size-full alignleft\" src=\"http:\/\/furlong.com.br\/wp-content\/uploads\/2020\/06\/noun_warehouse_1938587.png\" alt=\"\" width=\"59\" height=\"52\" \/> Servi\u00e7os de log\u00edstica<\/h2>\n<p>[\/vc_column_text][\/vc_column_inner][vc_column_inner width=&#8221;7\/12&#8243;][vc_column_text el_class=&#8221;headerred&#8221;]<\/p>\n<h2>Log\u00edstica<br \/>\nde Portu\u00e1ria<\/h2>\n<p>[\/vc_column_text][\/vc_column_inner][\/vc_row_inner][vc_row_inner el_class=&#8221;containerhead&#8221;][vc_column_inner width=&#8221;1\/4&#8243;][vc_column_text el_class=&#8221;breadcrumb1&#8243;]Outros servi\u00e7os<br \/>\nde transporte:[\/vc_column_text][\/vc_column_inner][vc_column_inner width=&#8221;2\/3&#8243;][vc_column_text el_class=&#8221;breadcrumb2&#8243;]<\/p>\n<ul>\n<li><a href=\"http:\/\/furlong.com.br\/servicos\/servicos-de-logistica-2\/logistica-para-carga-geral\/\">Log\u00edstica para cargas gerais<\/a><\/li>\n<li><a href=\"http:\/\/furlong.com.br\/servicos\/servicos-de-logistica-2\/logistica-de-veiculos\/\">Log\u00edstica de ve\u00edculos<\/a><\/li>\n<\/ul>\n<p>[\/vc_column_text][\/vc_column_inner][\/vc_row_inner][\/vc_column][\/vc_row][vc_row full_width=&#8221;stretch_row_content_no_spaces&#8221; el_id=&#8221;a-empresa&#8221; css=&#8221;.vc_custom_1591819256439{padding-top: 60px !important;padding-bottom: 60px !important;}&#8221;][vc_column width=&#8221;5\/6&#8243; offset=&#8221;vc_col-lg-offset-2&#8243;][vc_row_inner el_class=&#8221;contentxt&#8221; css=&#8221;.vc_custom_1591823822093{padding-bottom: 80px !important;}&#8221;][vc_column_inner width=&#8221;1\/2&#8243;][vc_column_text el_class=&#8221;aempresatxt esquerda&#8221;]<\/p>\n<h2>Opera\u00e7\u00f5es log\u00edsticas<br \/>\nportu\u00e1rias<\/h2>\n<p>[\/vc_column_text][vc_column_text el_class=&#8221;aempresatxt esquerda&#8221;]A Transportes Furlong do Brasil, tem desenvolvido grande experi\u00eancia em opera\u00e7\u00f5es de portos, tendo inclusive registro de Operadora Portu\u00e1ria (Reg. n\u00ba 152), executando as seguintes tarefas: Opera\u00e7\u00f5es de exporta\u00e7\u00e3o &#8211; recep\u00e7\u00e3o de ve\u00edculos, inspe\u00e7\u00e3o pr\u00e9-exporta\u00e7\u00e3o, supervis\u00e3o de servi\u00e7os de estiva de embarque e todas as rotinas de desembara\u00e7o aduaneiro. Opera\u00e7\u00f5es de importa\u00e7\u00e3o &#8211; recep\u00e7\u00e3o nos navios, inspe\u00e7\u00e3o de recebimento de ve\u00edculos, supervis\u00e3o de servi\u00e7os de estiva desembara\u00e7o aduaneiro, controle de estocagem e carregamento.<br \/>\nA Transportes Furlong do Brasil se encarrega da recep\u00e7\u00e3o e armazenagem de ve\u00edculos das montadoras no Porto de Santos, desenvolvendo para isso uma log\u00edstica apropriada.<br \/>\nMantendo um bom relacionamento com as autoridades portu\u00e1rias e administra\u00e7\u00e3o geral do porto mantendo um melhor controle sobre as unidades estocadas nos p\u00e1tios do porto de Santos. A Furlong desenvolveu na Margem Direita da Ilha Barnab\u00e9, um trabalho de controle de estoque que elevou o n\u00edvel da qualidade dos servi\u00e7os, com dr\u00e1stica redu\u00e7\u00e3o do n\u00famero de avarias gerais e a elimina\u00e7\u00e3o do problema de furtos (ocorr\u00eancias que eram comuns por tratar-se de um p\u00e1tio p\u00fablico).[\/vc_column_text][\/vc_column_inner][vc_column_inner width=&#8221;1\/2&#8243;][vc_single_image image=&#8221;478&#8243; img_size=&#8221;full&#8221; alignment=&#8221;right&#8221;][\/vc_column_inner][\/vc_row_inner][\/vc_column][\/vc_row]<\/p>\n","protected":false},"excerpt":{"rendered":"<p>[vc_row full_width=&#8221;stretch_row_content_no_spaces&#8221; el_id=&#8221;titulo-pagina&#8221; css=&#8221;.vc_custom_1594070448183{background-image: url(http:\/\/furlong.com.br\/wp-content\/uploads\/2020\/07\/header-portuaria-1.jpg?id=680) !important;background-position: center !important;background-repeat: no-repeat !important;background-size: cover !important;}&#8221;][vc_column width=&#8221;5\/6&#8243; offset=&#8221;vc_col-lg-offset-2&#8243;][vc_row_inner el_class=&#8221;containerhead&#8221; css=&#8221;.vc_custom_1592160260896{margin-bottom: 45px !important;}&#8221;][vc_column_inner width=&#8221;5\/12&#8243;][vc_column_text el_class=&#8221;rsetxt&#8221;] Servi\u00e7os de log\u00edstica [\/vc_column_text][\/vc_column_inner][vc_column_inner width=&#8221;7\/12&#8243;][vc_column_text el_class=&#8221;headerred&#8221;] Log\u00edstica de Portu\u00e1ria [\/vc_column_text][\/vc_column_inner][\/vc_row_inner][vc_row_inner el_class=&#8221;containerhead&#8221;][vc_column_inner width=&#8221;1\/4&#8243;][vc_column_text el_class=&#8221;breadcrumb1&#8243;]Outros servi\u00e7os de transporte:[\/vc_column_text][\/vc_column_inner][vc_column_inner width=&#8221;2\/3&#8243;][vc_column_text el_class=&#8221;breadcrumb2&#8243;] Log\u00edstica para cargas gerais Log\u00edstica de ve\u00edculos [\/vc_column_text][\/vc_column_inner][\/vc_row_inner][\/vc_column][\/vc_row][vc_row full_width=&#8221;stretch_row_content_no_spaces&#8221; el_id=&#8221;a-empresa&#8221; css=&#8221;.vc_custom_1591819256439{padding-top: 60px !important;padding-bottom: 60px !important;}&#8221;][vc_column width=&#8221;5\/6&#8243; offset=&#8221;vc_col-lg-offset-2&#8243;][vc_row_inner [&hellip;]<\/p>\n","protected":false},"author":7,"featured_media":0,"parent":440,"menu_order":0,"comment_status":"closed","ping_status":"open","template":"","meta":[],"_links":{"self":[{"href":"https:\/\/furlong.com.br\/pt_br\/wp-json\/wp\/v2\/pages\/477"}],"collection":[{"href":"https:\/\/furlong.com.br\/pt_br\/wp-json\/wp\/v2\/pages"}],"about":[{"href":"https:\/\/furlong.com.br\/pt_br\/wp-json\/wp\/v2\/types\/page"}],"author":[{"embeddable":true,"href":"https:\/\/furlong.com.br\/pt_br\/wp-json\/wp\/v2\/users\/7"}],"replies":[{"embeddable":true,"href":"https:\/\/furlong.com.br\/pt_br\/wp-json\/wp\/v2\/comments?post=477"}],"version-history":[{"count":5,"href":"https:\/\/furlong.com.br\/pt_br\/wp-json\/wp\/v2\/pages\/477\/revisions"}],"predecessor-version":[{"id":1080,"href":"https:\/\/furlong.com.br\/pt_br\/wp-json\/wp\/v2\/pages\/477\/revisions\/1080"}],"up":[{"embeddable":true,"href":"https:\/\/furlong.com.br\/pt_br\/wp-json\/wp\/v2\/pages\/440"}],"wp:attachment":[{"href":"https:\/\/furlong.com.br\/pt_br\/wp-json\/wp\/v2\/media?parent=477"}],"curies":[{"name":"wp","href":"https:\/\/api.w.org\/{rel}","templated":true}]}}